{"id":85,"date":"2026-02-15T20:42:49","date_gmt":"2026-02-15T19:42:49","guid":{"rendered":"https:\/\/etruriafairways.com\/strona-glowna\/"},"modified":"2026-03-01T16:17:46","modified_gmt":"2026-03-01T15:17:46","slug":"etruria-fairways","status":"publish","type":"page","link":"https:\/\/etruriafairways.com\/en\/","title":{"rendered":"Etruria Fairways"},"content":{"rendered":"<div class=\"wp-block-group alignfull is-style-ext-preset--group--natural-1--section has-background-background-color has-background has-global-padding is-layout-constrained wp-container-core-group-is-layout-3a3c7119 wp-block-group-is-layout-constrained\" style=\"margin-top:0;margin-bottom:0;padding-top:var(--wp--preset--spacing--50);padding-bottom:var(--wp--preset--spacing--70)\">\n<div class=\"wp-block-group alignwide is-vertical is-layout-flex wp-container-core-group-is-layout-c35747d5 wp-block-group-is-layout-flex\">\n<div class=\"wp-block-group has-global-padding is-layout-constrained wp-container-core-group-is-layout-dd32767c wp-block-group-is-layout-constrained\">\n<h1 class=\"wp-block-heading\">Kreujemy do\u015bwiadczenia poza schematem<\/h1>\n<\/div>\n<\/div>\n\n\n\n<div class=\"wp-block-columns alignwide are-vertically-aligned-center is-not-stacked-on-mobile is-layout-flex wp-container-core-columns-is-layout-87beb0d0 wp-block-columns-is-layout-flex\">\n<div class=\"wp-block-column is-vertically-aligned-center is-layout-flow wp-block-column-is-layout-flow\">\n<figure class=\"wp-block-image size-full is-style-ext-preset--image--natural-1--image-1--content-right is-style-ext-preset--image--natural-1--image-1--content-right--2\"><img loading=\"lazy\" decoding=\"async\" width=\"1003\" height=\"513\" src=\"https:\/\/etruriafairways.com\/wp-content\/uploads\/2026\/02\/golf-course-1.jpg\" alt=\"\" class=\"wp-image-117\" style=\"aspect-ratio:4\/3;object-fit:cover\" srcset=\"https:\/\/etruriafairways.com\/wp-content\/uploads\/2026\/02\/golf-course-1.jpg 1003w, https:\/\/etruriafairways.com\/wp-content\/uploads\/2026\/02\/golf-course-1-300x153.jpg 300w, https:\/\/etruriafairways.com\/wp-content\/uploads\/2026\/02\/golf-course-1-768x393.jpg 768w, https:\/\/etruriafairways.com\/wp-content\/uploads\/2026\/02\/golf-course-1-18x9.jpg 18w\" sizes=\"auto, (max-width: 1003px) 100vw, 1003px\" \/><\/figure>\n<\/div>\n\n\n\n<div class=\"wp-block-column is-vertically-aligned-center is-layout-flow wp-block-column-is-layout-flow\">\n<figure class=\"wp-block-image size-full is-style-ext-preset--image--natural-1--image-1--content-any is-style-ext-preset--image--natural-1--image-1--content-any--3\"><img loading=\"lazy\" decoding=\"async\" width=\"2560\" height=\"1707\" src=\"https:\/\/etruriafairways.com\/wp-content\/uploads\/2026\/02\/lounge-2-scaled.jpg\" alt=\"\" class=\"wp-image-116\" style=\"aspect-ratio:4\/3;object-fit:cover\" srcset=\"https:\/\/etruriafairways.com\/wp-content\/uploads\/2026\/02\/lounge-2-scaled.jpg 2560w, https:\/\/etruriafairways.com\/wp-content\/uploads\/2026\/02\/lounge-2-300x200.jpg 300w, https:\/\/etruriafairways.com\/wp-content\/uploads\/2026\/02\/lounge-2-1024x683.jpg 1024w, https:\/\/etruriafairways.com\/wp-content\/uploads\/2026\/02\/lounge-2-768x512.jpg 768w, https:\/\/etruriafairways.com\/wp-content\/uploads\/2026\/02\/lounge-2-1536x1024.jpg 1536w, https:\/\/etruriafairways.com\/wp-content\/uploads\/2026\/02\/lounge-2-2048x1365.jpg 2048w, https:\/\/etruriafairways.com\/wp-content\/uploads\/2026\/02\/lounge-2-18x12.jpg 18w\" sizes=\"auto, (max-width: 2560px) 100vw, 2560px\" \/><\/figure>\n<\/div>\n\n\n\n<div class=\"wp-block-column is-vertically-aligned-center is-layout-flow wp-block-column-is-layout-flow\">\n<figure class=\"wp-block-image size-full is-style-ext-preset--image--natural-1--image-1--content-left is-style-ext-preset--image--natural-1--image-1--content-left--4\"><img loading=\"lazy\" decoding=\"async\" width=\"640\" height=\"425\" src=\"https:\/\/etruriafairways.com\/wp-content\/uploads\/2026\/02\/6_20091221_2033056778_20110909_1197039695-kopia-2.jpg\" alt=\"\" class=\"wp-image-118\" style=\"aspect-ratio:4\/3;object-fit:cover\" srcset=\"https:\/\/etruriafairways.com\/wp-content\/uploads\/2026\/02\/6_20091221_2033056778_20110909_1197039695-kopia-2.jpg 640w, https:\/\/etruriafairways.com\/wp-content\/uploads\/2026\/02\/6_20091221_2033056778_20110909_1197039695-kopia-2-300x199.jpg 300w, https:\/\/etruriafairways.com\/wp-content\/uploads\/2026\/02\/6_20091221_2033056778_20110909_1197039695-kopia-2-18x12.jpg 18w\" sizes=\"auto, (max-width: 640px) 100vw, 640px\" \/><\/figure>\n<\/div>\n<\/div>\n\n\n\n<div class=\"wp-block-group alignwide is-vertical is-layout-flex wp-container-core-group-is-layout-c35747d5 wp-block-group-is-layout-flex\">\n<div class=\"wp-block-group has-global-padding is-layout-constrained wp-container-core-group-is-layout-dd32767c wp-block-group-is-layout-constrained\">\n<p>Etruria Fairways to miejsce, gdzie luksus podr\u00f3\u017cy \u0142\u0105czy si\u0119 ze sztuk\u0105 i kultur\u0105, zapewniaj\u0105c niezapomniane prze\u017cycia nawet dla najbardziej wymagaj\u0105cych go\u015bci.<\/p>\n<\/div>\n\n\n\n<div class=\"wp-block-buttons is-layout-flex wp-block-buttons-is-layout-flex\"><\/div>\n<\/div>\n<\/div>\n\n\n\n<div class=\"wp-block-group alignfull is-style-ext-preset--group--natural-1--section has-tertiary-background-color has-background has-global-padding is-layout-constrained wp-block-group-is-layout-constrained\" id=\"o-nas\" style=\"margin-top:0;margin-bottom:0;padding-top:var(--wp--preset--spacing--70);padding-bottom:var(--wp--preset--spacing--70)\">\n<div class=\"wp-block-columns alignwide are-vertically-aligned-center is-layout-flex wp-container-core-columns-is-layout-174606dc wp-block-columns-is-layout-flex\">\n<div class=\"wp-block-column is-vertically-aligned-center is-layout-flow wp-block-column-is-layout-flow\">\n<div class=\"wp-block-group alignwide is-vertical is-layout-flex wp-container-core-group-is-layout-c35747d5 wp-block-group-is-layout-flex\">\n<div class=\"wp-block-group has-global-padding is-layout-constrained wp-container-core-group-is-layout-dd32767c wp-block-group-is-layout-constrained\">\n<h2 class=\"wp-block-heading\">Podr\u00f3\u017ce golfowe<\/h2>\n\n\n\n<p>W sercu Toskanii tworzymy golfowe podr\u00f3\u017ce niczym dzie\u0142a sztuki \u2014 z dost\u0119pem do najbardziej presti\u017cowych p\u00f3l, prywatn\u0105 obs\u0142ug\u0105 oraz unikalnymi do\u015bwiadczeniami dost\u0119pnymi tylko dla wybranych.<\/p>\n\n\n\n<p>Ka\u017cdy wyjazd Etruria Fairways to nie tylko gra, lecz prawdziwa celebracja stylu, kultury i w\u0142oskiej doskona\u0142o\u015bci w najczystszej, najbardziej wyrafinowanej formie.<\/p>\n<\/div>\n<\/div>\n<\/div>\n\n\n\n<div class=\"wp-block-column is-vertically-aligned-center is-layout-flow wp-block-column-is-layout-flow\">\n<figure class=\"wp-block-image size-full is-style-ext-preset--image--natural-1--image-1--content-left is-style-ext-preset--image--natural-1--image-1--content-left--6\"><img loading=\"lazy\" decoding=\"async\" width=\"1021\" height=\"680\" src=\"https:\/\/etruriafairways.com\/wp-content\/uploads\/2026\/02\/pic_7-kopia.jpg\" alt=\"\" class=\"wp-image-135\" style=\"aspect-ratio:1;object-fit:cover\" srcset=\"https:\/\/etruriafairways.com\/wp-content\/uploads\/2026\/02\/pic_7-kopia.jpg 1021w, https:\/\/etruriafairways.com\/wp-content\/uploads\/2026\/02\/pic_7-kopia-300x200.jpg 300w, https:\/\/etruriafairways.com\/wp-content\/uploads\/2026\/02\/pic_7-kopia-768x511.jpg 768w, https:\/\/etruriafairways.com\/wp-content\/uploads\/2026\/02\/pic_7-kopia-18x12.jpg 18w\" sizes=\"auto, (max-width: 1021px) 100vw, 1021px\" \/><\/figure>\n<\/div>\n<\/div>\n<\/div>\n\n\n\n<div class=\"wp-block-group alignfull is-style-ext-preset--group--natural-1--section has-tertiary-background-color has-background has-global-padding is-layout-constrained wp-block-group-is-layout-constrained\" id=\"o-nas\" style=\"margin-top:0;margin-bottom:0;padding-top:var(--wp--preset--spacing--70);padding-bottom:var(--wp--preset--spacing--70)\">\n<div class=\"wp-block-columns alignwide are-vertically-aligned-center is-layout-flex wp-container-core-columns-is-layout-174606dc wp-block-columns-is-layout-flex\">\n<div class=\"wp-block-column is-vertically-aligned-center is-layout-flow wp-block-column-is-layout-flow\">\n<div class=\"wp-block-group alignwide is-vertical is-layout-flex wp-container-core-group-is-layout-c35747d5 wp-block-group-is-layout-flex\">\n<div class=\"wp-block-group has-global-padding is-layout-constrained wp-container-core-group-is-layout-dd32767c wp-block-group-is-layout-constrained\">\n<h2 class=\"wp-block-heading\">Art &amp; Media<\/h2>\n\n\n\n<p>W obszarze Art &amp; Media \u0142\u0105czymy klasyczne dziedzictwo sztuki z nowoczesnymi technologiami, tworz\u0105c wielowymiarowe wydarzenia artystyczne, gdzie tradycyjne formy splataj\u0105 si\u0119 z immersyjnymi do\u015bwiadczeniami.<\/p>\n\n\n\n<p>Jako tw\u00f3rcy unikalnego, ekskluzywnego produktu transmedialnego, redefiniujemy do\u015bwiadczenie sztuki, zamieniaj\u0105c je w pe\u0142ne zaanga\u017cowania prze\u017cycie, kt\u00f3re pobudza wszystkie zmys\u0142y.<\/p>\n<\/div>\n<\/div>\n<\/div>\n\n\n\n<div class=\"wp-block-column is-vertically-aligned-center is-layout-flow wp-block-column-is-layout-flow\">\n<figure class=\"wp-block-image size-full is-style-ext-preset--image--natural-1--image-1--content-left is-style-ext-preset--image--natural-1--image-1--content-left--8\"><img loading=\"lazy\" decoding=\"async\" width=\"1082\" height=\"1600\" src=\"https:\/\/etruriafairways.com\/wp-content\/uploads\/2026\/02\/WhatsApp-Image-2025-05-25-at-10.01.57.jpeg\" alt=\"\" class=\"wp-image-139\" style=\"aspect-ratio:1;object-fit:cover\" srcset=\"https:\/\/etruriafairways.com\/wp-content\/uploads\/2026\/02\/WhatsApp-Image-2025-05-25-at-10.01.57.jpeg 1082w, https:\/\/etruriafairways.com\/wp-content\/uploads\/2026\/02\/WhatsApp-Image-2025-05-25-at-10.01.57-203x300.jpeg 203w, https:\/\/etruriafairways.com\/wp-content\/uploads\/2026\/02\/WhatsApp-Image-2025-05-25-at-10.01.57-692x1024.jpeg 692w, https:\/\/etruriafairways.com\/wp-content\/uploads\/2026\/02\/WhatsApp-Image-2025-05-25-at-10.01.57-768x1136.jpeg 768w, https:\/\/etruriafairways.com\/wp-content\/uploads\/2026\/02\/WhatsApp-Image-2025-05-25-at-10.01.57-1039x1536.jpeg 1039w, https:\/\/etruriafairways.com\/wp-content\/uploads\/2026\/02\/WhatsApp-Image-2025-05-25-at-10.01.57-8x12.jpeg 8w\" sizes=\"auto, (max-width: 1082px) 100vw, 1082px\" \/><\/figure>\n<\/div>\n<\/div>\n<\/div>\n\n\n\n<div class=\"wp-block-group alignfull is-style-ext-preset--group--natural-1--section has-tertiary-background-color has-background has-global-padding is-layout-constrained wp-block-group-is-layout-constrained\" id=\"o-nas\" style=\"margin-top:0;margin-bottom:0;padding-top:var(--wp--preset--spacing--70);padding-bottom:var(--wp--preset--spacing--70)\">\n<div class=\"wp-block-columns alignwide are-vertically-aligned-center is-layout-flex wp-container-core-columns-is-layout-174606dc wp-block-columns-is-layout-flex\">\n<div class=\"wp-block-column is-vertically-aligned-center is-layout-flow wp-block-column-is-layout-flow\">\n<div class=\"wp-block-group alignwide is-vertical is-layout-flex wp-container-core-group-is-layout-c35747d5 wp-block-group-is-layout-flex\">\n<div class=\"wp-block-group has-global-padding is-layout-constrained wp-container-core-group-is-layout-dd32767c wp-block-group-is-layout-constrained\">\n<h2 class=\"wp-block-heading\">Fundacja<\/h2>\n\n\n\n<p>Fundacja Etruria Mundi to wyrafinowana przestrze\u0144 dialogu mi\u0119dzy sztuk\u0105, dziedzictwem i ide\u0105 podr\u00f3\u017cy jako wyj\u0105tkowego do\u015bwiadczenia kulturowego. Realizujemy i wspieramy projekty o mi\u0119dzynarodowym zasi\u0119gu, \u0142\u0105cz\u0105c instytucjonaln\u0105 powag\u0119 z odwag\u0105 artystycznej wizji oraz dba\u0142o\u015bci\u0105 o trwa\u0142o\u015b\u0107 warto\u015bci przekraczaj\u0105cych czas i granice. Nasze dzia\u0142ania cechuje presti\u017c oparty na jako\u015bci, selektywno\u015bci oraz g\u0142\u0119bokim przekonaniu, \u017ce kultura jest jednym z najsubtelniejszych i najpot\u0119\u017cniejszych j\u0119zyk\u00f3w wsp\u00f3\u0142czesnego \u015bwiata.<\/p>\n<\/div>\n<\/div>\n<\/div>\n\n\n\n<div class=\"wp-block-column is-vertically-aligned-center is-layout-flow wp-block-column-is-layout-flow\">\n<figure class=\"wp-block-image size-full is-style-ext-preset--image--natural-1--image-1--content-left is-style-ext-preset--image--natural-1--image-1--content-left--10\"><img loading=\"lazy\" decoding=\"async\" width=\"2560\" height=\"1920\" src=\"https:\/\/etruriafairways.com\/wp-content\/uploads\/2026\/02\/IMG_9940-scaled.jpg\" alt=\"\" class=\"wp-image-142\" style=\"aspect-ratio:1;object-fit:cover\" srcset=\"https:\/\/etruriafairways.com\/wp-content\/uploads\/2026\/02\/IMG_9940-scaled.jpg 2560w, https:\/\/etruriafairways.com\/wp-content\/uploads\/2026\/02\/IMG_9940-300x225.jpg 300w, https:\/\/etruriafairways.com\/wp-content\/uploads\/2026\/02\/IMG_9940-1024x768.jpg 1024w, https:\/\/etruriafairways.com\/wp-content\/uploads\/2026\/02\/IMG_9940-768x576.jpg 768w, https:\/\/etruriafairways.com\/wp-content\/uploads\/2026\/02\/IMG_9940-1536x1152.jpg 1536w, https:\/\/etruriafairways.com\/wp-content\/uploads\/2026\/02\/IMG_9940-2048x1536.jpg 2048w, https:\/\/etruriafairways.com\/wp-content\/uploads\/2026\/02\/IMG_9940-16x12.jpg 16w\" sizes=\"auto, (max-width: 2560px) 100vw, 2560px\" \/><\/figure>\n<\/div>\n<\/div>\n<\/div>\n\n\n\n<div class=\"wp-block-group alignfull is-style-ext-preset--group--natural-1--section has-tertiary-background-color has-background has-global-padding is-layout-constrained wp-container-core-group-is-layout-e955bbaf wp-block-group-is-layout-constrained\" style=\"margin-top:0;margin-bottom:0;padding-top:var(--wp--preset--spacing--70);padding-bottom:var(--wp--preset--spacing--70)\">\n<div class=\"wp-block-group alignwide is-vertical is-content-justification-center is-layout-flex wp-container-core-group-is-layout-c9ee0c5a wp-block-group-is-layout-flex\">\n<div class=\"wp-block-group has-global-padding is-layout-constrained wp-container-core-group-is-layout-5e05634a wp-block-group-is-layout-constrained\">\n<h2 class=\"wp-block-heading has-text-align-center\">Odkryj wyj\u0105tkowe do\u015bwiadczenia i luksus podr\u00f3\u017cy.<\/h2>\n\n\n\n<p class=\"has-text-align-center\">Etruria Fairways \u0142\u0105czy luksus, sztuk\u0119 nowych medi\u00f3w oraz kultur\u0119, oferuj\u0105c niezapomniane prze\u017cycia.<\/p>\n<\/div>\n<\/div>\n\n\n\n<div class=\"wp-block-columns alignwide is-layout-flex wp-container-core-columns-is-layout-08c01c1c wp-block-columns-is-layout-flex\">\n<div class=\"wp-block-column is-vertically-aligned-stretch is-layout-flow wp-container-core-column-is-layout-f5bb311e wp-block-column-is-layout-flow\">\n<div class=\"wp-block-group is-style-ext-preset--group--natural-1--item-card-1--align-center has-global-padding is-layout-constrained wp-block-group-is-layout-constrained is-style-ext-preset--group--natural-1--item-card-1--align-center--12\">\n<div class=\"wp-block-group is-style-default has-global-padding is-layout-constrained wp-block-group-is-layout-constrained\">\n<figure class=\"wp-block-image aligncenter size-large ext-aspect-landscape wp-duotone-primary-foreground\"><img decoding=\"async\" src=\"data:image\/svg+xml;base64,PHN2ZyB4bWxucz0iaHR0cDovL3d3dy53My5vcmcvMjAwMC9zdmciIHdpZHRoPSI0OCIgaGVpZ2h0PSI0OCIgZmlsbD0iIzAwMDAwMCIgdmlld0JveD0iMCAwIDI1NiAyNTYiPjxwYXRoIGQ9Ik0xNzIsNzZhNDQsNDQsMCwxLDAtNDQsNDRBNDQuMDUsNDQuMDUsMCwwLDAsMTcyLDc2Wm0tNDQsMjhhMjgsMjgsMCwxLDEsMjgtMjhBMjgsMjgsMCwwLDEsMTI4LDEwNFptNjAsMjRhNDQsNDQsMCwxLDAsNDQsNDRBNDQuMDUsNDQuMDUsMCwwLDAsMTg4LDEyOFptMCw3MmEyOCwyOCwwLDEsMSwyOC0yOEEyOCwyOCwwLDAsMSwxODgsMjAwWk02OCwxMjhhNDQsNDQsMCwxLDAsNDQsNDRBNDQuMDUsNDQuMDUsMCwwLDAsNjgsMTI4Wm0wLDcyYTI4LDI4LDAsMSwxLDI4LTI4QTI4LDI4LDAsMCwxLDY4LDIwMFoiPjwvcGF0aD48L3N2Zz4=\" alt=\"\" style=\"object-fit:cover\"\/><\/figure>\n\n\n\n<h3 class=\"wp-block-heading has-text-align-center\">Ekskluzywne podr\u00f3\u017ce szyte na miar\u0119.<\/h3>\n\n\n\n<p class=\"has-text-align-center\">Personalizowane wyjazdy zapewniaj\u0105 niezr\u00f3wnany komfort i unikalne wspomnienia, idealne dla wymagaj\u0105cych koneser\u00f3w.<\/p>\n<\/div>\n<\/div>\n<\/div>\n\n\n\n<div class=\"wp-block-column is-vertically-aligned-stretch is-layout-flow wp-container-core-column-is-layout-f5bb311e wp-block-column-is-layout-flow\">\n<div class=\"wp-block-group is-style-ext-preset--group--natural-1--item-card-1--align-center has-global-padding is-layout-constrained wp-block-group-is-layout-constrained is-style-ext-preset--group--natural-1--item-card-1--align-center--13\">\n<div class=\"wp-block-group is-style-default has-global-padding is-layout-constrained wp-block-group-is-layout-constrained\">\n<figure class=\"wp-block-image aligncenter size-large ext-aspect-landscape wp-duotone-primary-foreground\"><img decoding=\"async\" src=\"data:image\/svg+xml;base64,PHN2ZyB4bWxucz0iaHR0cDovL3d3dy53My5vcmcvMjAwMC9zdmciIHdpZHRoPSI0OCIgaGVpZ2h0PSI0OCIgZmlsbD0iIzAwMDAwMCIgdmlld0JveD0iMCAwIDI1NiAyNTYiPjxwYXRoIGQ9Ik04MCw0MGE0MCw0MCwwLDEsMCw0MCw0MEE0MCw0MCwwLDAsMCw4MCw0MFptMCw2NGEyNCwyNCwwLDEsMSwyNC0yNEEyNCwyNCwwLDAsMSw4MCwxMDRabTk2LDE2YTQwLDQwLDAsMSwwLTQwLTQwQTQwLDQwLDAsMCwwLDE3NiwxMjBabTAtNjRhMjQsMjQsMCwxLDEtMjQsMjRBMjQsMjQsMCwwLDEsMTc2LDU2Wk04MCwxMzZhNDAsNDAsMCwxLDAsNDAsNDBBNDAsNDAsMCwwLDAsODAsMTM2Wm0wLDY0YTI0LDI0LDAsMSwxLDI0LTI0QTI0LDI0LDAsMCwxLDgwLDIwMFptOTYtNjRhNDAsNDAsMCwxLDAsNDAsNDBBNDAsNDAsMCwwLDAsMTc2LDEzNlptMCw2NGEyNCwyNCwwLDEsMSwyNC0yNEEyNCwyNCwwLDAsMSwxNzYsMjAwWiI+PC9wYXRoPjwvc3ZnPg==\" alt=\"\" style=\"object-fit:cover\"\/><\/figure>\n\n\n\n<h3 class=\"wp-block-heading has-text-align-center\">Po\u0142\u0105czenie sztuki i nowoczesnych technologii.<\/h3>\n\n\n\n<p class=\"has-text-align-center\">Innowacyjne podej\u015bcie do medi\u00f3w wzbogaca podr\u00f3\u017c, tworz\u0105c inspiruj\u0105ce i anga\u017cuj\u0105ce do\u015bwiadczenia.<\/p>\n<\/div>\n<\/div>\n<\/div>\n\n\n\n<div class=\"wp-block-column is-vertically-aligned-stretch is-layout-flow wp-container-core-column-is-layout-f5bb311e wp-block-column-is-layout-flow\">\n<div class=\"wp-block-group is-style-ext-preset--group--natural-1--item-card-1--align-center has-global-padding is-layout-constrained wp-block-group-is-layout-constrained is-style-ext-preset--group--natural-1--item-card-1--align-center--14\">\n<div class=\"wp-block-group is-style-default has-global-padding is-layout-constrained wp-block-group-is-layout-constrained\">\n<figure class=\"wp-block-image aligncenter size-large ext-aspect-landscape wp-duotone-primary-foreground\"><img decoding=\"async\" src=\"data:image\/svg+xml;base64,PHN2ZyB4bWxucz0iaHR0cDovL3d3dy53My5vcmcvMjAwMC9zdmciIHdpZHRoPSI0OCIgaGVpZ2h0PSI0OCIgZmlsbD0iIzAwMDAwMCIgdmlld0JveD0iMCAwIDI1NiAyNTYiPjxwYXRoIGQ9Ik04MCw0MGE0MCw0MCwwLDEsMCw0MCw0MEE0MCw0MCwwLDAsMCw4MCw0MFptMCw2NGEyNCwyNCwwLDEsMSwyNC0yNEEyNCwyNCwwLDAsMSw4MCwxMDRabTk2LDE2YTQwLDQwLDAsMSwwLTQwLTQwQTQwLDQwLDAsMCwwLDE3NiwxMjBabTAtNjRhMjQsMjQsMCwxLDEtMjQsMjRBMjQsMjQsMCwwLDEsMTc2LDU2Wk04MCwxMzZhNDAsNDAsMCwxLDAsNDAsNDBBNDAsNDAsMCwwLDAsODAsMTM2Wm0wLDY0YTI0LDI0LDAsMSwxLDI0LTI0QTI0LDI0LDAsMCwxLDgwLDIwMFptMTM2LTI0YTgsOCwwLDAsMS04LDhIMTg0djI0YTgsOCwwLDAsMS0xNiwwVjE4NEgxNDRhOCw4LDAsMCwxLDAtMTZoMjRWMTQ0YTgsOCwwLDAsMSwxNiwwdjI0aDI0QTgsOCwwLDAsMSwyMTYsMTc2WiI+PC9wYXRoPjwvc3ZnPg==\" alt=\"\" style=\"object-fit:cover\"\/><\/figure>\n\n\n\n<h3 class=\"wp-block-heading has-text-align-center\">Kultura jako \u017ar\u00f3d\u0142o wyj\u0105tkowych inspiracji.<\/h3>\n\n\n\n<p class=\"has-text-align-center\">Spotkania z lokalnymi tradycjami i sztuk\u0105 podnosz\u0105 warto\u015b\u0107 ka\u017cdej wyprawy, czyni\u0105c j\u0105 niepowtarzaln\u0105.<\/p>\n<\/div>\n<\/div>\n<\/div>\n<\/div>\n\n\n\n<div class=\"wp-block-buttons is-content-justification-center is-layout-flex wp-container-core-buttons-is-layout-a89b3969 wp-block-buttons-is-layout-flex\"><\/div>\n<\/div>\n\n\n\n<p><\/p>","protected":false},"excerpt":{"rendered":"<p>Kreujemy do\u015bwiadczenia poza schematem Etruria Fairways to miejsce, gdzie luksus podr\u00f3\u017cy \u0142\u0105czy si\u0119 ze sztuk\u0105 i kultur\u0105, zapewniaj\u0105c niezapomniane prze\u017cycia nawet dla najbardziej wymagaj\u0105cych go\u015bci. Podr\u00f3\u017ce golfowe W sercu Toskanii tworzymy golfowe podr\u00f3\u017ce niczym dzie\u0142a sztuki \u2014 z dost\u0119pem do najbardziej presti\u017cowych p\u00f3l, prywatn\u0105 obs\u0142ug\u0105 oraz unikalnymi do\u015bwiadczeniami dost\u0119pnymi tylko dla wybranych. Ka\u017cdy wyjazd Etruria [&hellip;]<\/p>\n","protected":false},"author":1,"featured_media":0,"parent":0,"menu_order":0,"comment_status":"closed","ping_status":"closed","template":"no-title","meta":{"footnotes":""},"class_list":["post-85","page","type-page","status-publish","hentry"],"aioseo_notices":[],"_links":{"self":[{"href":"https:\/\/etruriafairways.com\/en\/wp-json\/wp\/v2\/pages\/85","targetHints":{"allow":["GET"]}}],"collection":[{"href":"https:\/\/etruriafairways.com\/en\/wp-json\/wp\/v2\/pages"}],"about":[{"href":"https:\/\/etruriafairways.com\/en\/wp-json\/wp\/v2\/types\/page"}],"author":[{"embeddable":true,"href":"https:\/\/etruriafairways.com\/en\/wp-json\/wp\/v2\/users\/1"}],"replies":[{"embeddable":true,"href":"https:\/\/etruriafairways.com\/en\/wp-json\/wp\/v2\/comments?post=85"}],"version-history":[{"count":14,"href":"https:\/\/etruriafairways.com\/en\/wp-json\/wp\/v2\/pages\/85\/revisions"}],"predecessor-version":[{"id":303,"href":"https:\/\/etruriafairways.com\/en\/wp-json\/wp\/v2\/pages\/85\/revisions\/303"}],"wp:attachment":[{"href":"https:\/\/etruriafairways.com\/en\/wp-json\/wp\/v2\/media?parent=85"}],"curies":[{"name":"wp","href":"https:\/\/api.w.org\/{rel}","templated":true}]}}