{"id":82,"date":"2026-02-15T20:42:48","date_gmt":"2026-02-15T19:42:48","guid":{"rendered":"https:\/\/etruriafairways.com\/galeria\/"},"modified":"2026-02-19T22:43:28","modified_gmt":"2026-02-19T21:43:28","slug":"galeria","status":"publish","type":"page","link":"https:\/\/etruriafairways.com\/en\/galeria\/","title":{"rendered":"Galeria"},"content":{"rendered":"<div class=\"wp-block-group alignfull is-style-ext-preset--group--natural-1--section has-background-background-color has-background has-global-padding is-layout-constrained wp-container-core-group-is-layout-f72f1611 wp-block-group-is-layout-constrained\" id=\"galeria\" style=\"margin-top:0;margin-bottom:0;padding-top:var(--wp--preset--spacing--70);padding-bottom:var(--wp--preset--spacing--70)\">\n<div class=\"wp-block-group alignwide is-vertical is-layout-flex wp-container-core-group-is-layout-c35747d5 wp-block-group-is-layout-flex\">\n<div class=\"wp-block-group has-global-padding is-layout-constrained wp-container-core-group-is-layout-5e05634a wp-block-group-is-layout-constrained\">\n<h2 class=\"wp-block-heading\">Wyj\u0105tkowe chwile dla najbardziej wymagaj\u0105cych<\/h2>\n\n\n\n<p class=\"has-text-align-left\">Po\u015br\u00f3d toska\u0144skich wzg\u00f3rz, gdzie powietrze pachnie cyprysami i histori\u0105, rodzi si\u0119 do\u015bwiadczenie stworzone dla tych, kt\u00f3rzy poszukuj\u0105 czego\u015b wi\u0119cej ni\u017c podr\u00f3\u017cy. Tu golf staje si\u0119 rytua\u0142em elegancji, a ka\u017cdy dzie\u0144 p\u0142ynie w tempie sztuki, smaku i doskona\u0142o\u015bci. To \u015bwiat zarezerwowany dla nielicznych \u2014 tych, kt\u00f3rzy rozumiej\u0105, \u017ce prawdziwy luksus nie krzyczy, lecz subtelnie zachwyca.<\/p>\n<\/div>\n<\/div>\n\n\n\n<div class=\"wp-block-columns alignwide are-vertically-aligned-top is-layout-flex wp-container-core-columns-is-layout-87beb0d0 wp-block-columns-is-layout-flex\">\n<div class=\"wp-block-column is-vertically-aligned-top is-layout-flow wp-container-core-column-is-layout-f5bb311e wp-block-column-is-layout-flow\">\n<figure class=\"wp-block-image size-large is-style-ext-preset--image--natural-1--image-1--content-bottom is-style-ext-preset--image--natural-1--image-1--content-bottom--2\"><img loading=\"lazy\" decoding=\"async\" width=\"1024\" height=\"1024\" src=\"https:\/\/etruriafairways.com\/wp-content\/uploads\/2026\/02\/IMG_0928-\u2013-ze-zmianami-1024x1024.jpg\" alt=\"\" class=\"wp-image-146\" style=\"aspect-ratio:1;object-fit:cover\" srcset=\"https:\/\/etruriafairways.com\/wp-content\/uploads\/2026\/02\/IMG_0928-\u2013-ze-zmianami-1024x1024.jpg 1024w, https:\/\/etruriafairways.com\/wp-content\/uploads\/2026\/02\/IMG_0928-\u2013-ze-zmianami-300x300.jpg 300w, https:\/\/etruriafairways.com\/wp-content\/uploads\/2026\/02\/IMG_0928-\u2013-ze-zmianami-150x150.jpg 150w, https:\/\/etruriafairways.com\/wp-content\/uploads\/2026\/02\/IMG_0928-\u2013-ze-zmianami-768x768.jpg 768w, https:\/\/etruriafairways.com\/wp-content\/uploads\/2026\/02\/IMG_0928-\u2013-ze-zmianami-1536x1536.jpg 1536w, https:\/\/etruriafairways.com\/wp-content\/uploads\/2026\/02\/IMG_0928-\u2013-ze-zmianami-2048x2048.jpg 2048w, https:\/\/etruriafairways.com\/wp-content\/uploads\/2026\/02\/IMG_0928-\u2013-ze-zmianami-12x12.jpg 12w\" sizes=\"auto, (max-width: 1024px) 100vw, 1024px\" \/><\/figure>\n\n\n\n<figure class=\"wp-block-image size-large is-style-ext-preset--image--natural-1--image-1--content-bottom is-style-ext-preset--image--natural-1--image-1--content-bottom--3\"><img loading=\"lazy\" decoding=\"async\" width=\"1024\" height=\"1024\" src=\"https:\/\/etruriafairways.com\/wp-content\/uploads\/2026\/02\/IMG_0958-\u2013-ze-zmianami-1024x1024.jpg\" alt=\"\" class=\"wp-image-150\" style=\"aspect-ratio:1;object-fit:cover\" srcset=\"https:\/\/etruriafairways.com\/wp-content\/uploads\/2026\/02\/IMG_0958-\u2013-ze-zmianami-1024x1024.jpg 1024w, https:\/\/etruriafairways.com\/wp-content\/uploads\/2026\/02\/IMG_0958-\u2013-ze-zmianami-300x300.jpg 300w, https:\/\/etruriafairways.com\/wp-content\/uploads\/2026\/02\/IMG_0958-\u2013-ze-zmianami-150x150.jpg 150w, https:\/\/etruriafairways.com\/wp-content\/uploads\/2026\/02\/IMG_0958-\u2013-ze-zmianami-768x768.jpg 768w, https:\/\/etruriafairways.com\/wp-content\/uploads\/2026\/02\/IMG_0958-\u2013-ze-zmianami-1536x1536.jpg 1536w, https:\/\/etruriafairways.com\/wp-content\/uploads\/2026\/02\/IMG_0958-\u2013-ze-zmianami-2048x2048.jpg 2048w, https:\/\/etruriafairways.com\/wp-content\/uploads\/2026\/02\/IMG_0958-\u2013-ze-zmianami-12x12.jpg 12w\" sizes=\"auto, (max-width: 1024px) 100vw, 1024px\" \/><\/figure>\n<\/div>\n\n\n\n<div class=\"wp-block-column is-vertically-aligned-top is-layout-flow wp-container-core-column-is-layout-f5bb311e wp-block-column-is-layout-flow\">\n<figure class=\"wp-block-image size-large is-style-ext-preset--image--natural-1--image-1--content-bottom is-style-ext-preset--image--natural-1--image-1--content-bottom--4\"><img loading=\"lazy\" decoding=\"async\" width=\"1024\" height=\"1024\" src=\"https:\/\/etruriafairways.com\/wp-content\/uploads\/2026\/02\/IMG_0968-\u2013-ze-zmianami-1024x1024.jpg\" alt=\"\" class=\"wp-image-147\" style=\"aspect-ratio:1;object-fit:cover\" srcset=\"https:\/\/etruriafairways.com\/wp-content\/uploads\/2026\/02\/IMG_0968-\u2013-ze-zmianami-1024x1024.jpg 1024w, https:\/\/etruriafairways.com\/wp-content\/uploads\/2026\/02\/IMG_0968-\u2013-ze-zmianami-300x300.jpg 300w, https:\/\/etruriafairways.com\/wp-content\/uploads\/2026\/02\/IMG_0968-\u2013-ze-zmianami-150x150.jpg 150w, https:\/\/etruriafairways.com\/wp-content\/uploads\/2026\/02\/IMG_0968-\u2013-ze-zmianami-768x768.jpg 768w, https:\/\/etruriafairways.com\/wp-content\/uploads\/2026\/02\/IMG_0968-\u2013-ze-zmianami-1536x1536.jpg 1536w, https:\/\/etruriafairways.com\/wp-content\/uploads\/2026\/02\/IMG_0968-\u2013-ze-zmianami-2048x2048.jpg 2048w, https:\/\/etruriafairways.com\/wp-content\/uploads\/2026\/02\/IMG_0968-\u2013-ze-zmianami-12x12.jpg 12w\" sizes=\"auto, (max-width: 1024px) 100vw, 1024px\" \/><\/figure>\n\n\n\n<figure class=\"wp-block-image size-large is-style-ext-preset--image--natural-1--image-1--content-bottom is-style-ext-preset--image--natural-1--image-1--content-bottom--5\"><img loading=\"lazy\" decoding=\"async\" width=\"1024\" height=\"1024\" src=\"https:\/\/etruriafairways.com\/wp-content\/uploads\/2026\/02\/IMG_1110-\u2013-ze-zmianami-1024x1024.jpg\" alt=\"\" class=\"wp-image-151\" style=\"aspect-ratio:1;object-fit:cover\" srcset=\"https:\/\/etruriafairways.com\/wp-content\/uploads\/2026\/02\/IMG_1110-\u2013-ze-zmianami-1024x1024.jpg 1024w, https:\/\/etruriafairways.com\/wp-content\/uploads\/2026\/02\/IMG_1110-\u2013-ze-zmianami-300x300.jpg 300w, https:\/\/etruriafairways.com\/wp-content\/uploads\/2026\/02\/IMG_1110-\u2013-ze-zmianami-150x150.jpg 150w, https:\/\/etruriafairways.com\/wp-content\/uploads\/2026\/02\/IMG_1110-\u2013-ze-zmianami-768x768.jpg 768w, https:\/\/etruriafairways.com\/wp-content\/uploads\/2026\/02\/IMG_1110-\u2013-ze-zmianami-1536x1536.jpg 1536w, https:\/\/etruriafairways.com\/wp-content\/uploads\/2026\/02\/IMG_1110-\u2013-ze-zmianami-2048x2048.jpg 2048w, https:\/\/etruriafairways.com\/wp-content\/uploads\/2026\/02\/IMG_1110-\u2013-ze-zmianami-12x12.jpg 12w\" sizes=\"auto, (max-width: 1024px) 100vw, 1024px\" \/><\/figure>\n<\/div>\n\n\n\n<div class=\"wp-block-column is-vertically-aligned-top is-layout-flow wp-container-core-column-is-layout-f5bb311e wp-block-column-is-layout-flow\">\n<figure class=\"wp-block-image size-large is-style-ext-preset--image--natural-1--image-1--content-bottom is-style-ext-preset--image--natural-1--image-1--content-bottom--6\"><img loading=\"lazy\" decoding=\"async\" width=\"1024\" height=\"1024\" src=\"https:\/\/etruriafairways.com\/wp-content\/uploads\/2026\/02\/IMG_1030-\u2013-ze-zmianami-1024x1024.jpg\" alt=\"\" class=\"wp-image-148\" style=\"aspect-ratio:1;object-fit:cover\" srcset=\"https:\/\/etruriafairways.com\/wp-content\/uploads\/2026\/02\/IMG_1030-\u2013-ze-zmianami-1024x1024.jpg 1024w, https:\/\/etruriafairways.com\/wp-content\/uploads\/2026\/02\/IMG_1030-\u2013-ze-zmianami-300x300.jpg 300w, https:\/\/etruriafairways.com\/wp-content\/uploads\/2026\/02\/IMG_1030-\u2013-ze-zmianami-150x150.jpg 150w, https:\/\/etruriafairways.com\/wp-content\/uploads\/2026\/02\/IMG_1030-\u2013-ze-zmianami-768x768.jpg 768w, https:\/\/etruriafairways.com\/wp-content\/uploads\/2026\/02\/IMG_1030-\u2013-ze-zmianami-1536x1536.jpg 1536w, https:\/\/etruriafairways.com\/wp-content\/uploads\/2026\/02\/IMG_1030-\u2013-ze-zmianami-2048x2048.jpg 2048w, https:\/\/etruriafairways.com\/wp-content\/uploads\/2026\/02\/IMG_1030-\u2013-ze-zmianami-12x12.jpg 12w\" sizes=\"auto, (max-width: 1024px) 100vw, 1024px\" \/><\/figure>\n\n\n\n<figure class=\"wp-block-image size-large is-style-ext-preset--image--natural-1--image-1--content-bottom is-style-ext-preset--image--natural-1--image-1--content-bottom--7\"><img loading=\"lazy\" decoding=\"async\" width=\"1024\" height=\"1024\" src=\"https:\/\/etruriafairways.com\/wp-content\/uploads\/2026\/02\/IMG_1078-\u2013-ze-zmianami-1024x1024.jpg\" alt=\"\" class=\"wp-image-152\" style=\"aspect-ratio:1;object-fit:cover\" srcset=\"https:\/\/etruriafairways.com\/wp-content\/uploads\/2026\/02\/IMG_1078-\u2013-ze-zmianami-1024x1024.jpg 1024w, https:\/\/etruriafairways.com\/wp-content\/uploads\/2026\/02\/IMG_1078-\u2013-ze-zmianami-300x300.jpg 300w, https:\/\/etruriafairways.com\/wp-content\/uploads\/2026\/02\/IMG_1078-\u2013-ze-zmianami-150x150.jpg 150w, https:\/\/etruriafairways.com\/wp-content\/uploads\/2026\/02\/IMG_1078-\u2013-ze-zmianami-768x768.jpg 768w, https:\/\/etruriafairways.com\/wp-content\/uploads\/2026\/02\/IMG_1078-\u2013-ze-zmianami-1536x1536.jpg 1536w, https:\/\/etruriafairways.com\/wp-content\/uploads\/2026\/02\/IMG_1078-\u2013-ze-zmianami-2048x2048.jpg 2048w, https:\/\/etruriafairways.com\/wp-content\/uploads\/2026\/02\/IMG_1078-\u2013-ze-zmianami-12x12.jpg 12w\" sizes=\"auto, (max-width: 1024px) 100vw, 1024px\" \/><\/figure>\n<\/div>\n<\/div>\n<\/div>\n\n\n\n<div class=\"wp-block-group alignfull is-style-ext-preset--group--natural-1--section has-tertiary-background-color has-background has-global-padding is-layout-constrained wp-block-group-is-layout-constrained\" id=\"o-nas\" style=\"margin-top:0;margin-bottom:0;padding-top:var(--wp--preset--spacing--70);padding-bottom:var(--wp--preset--spacing--70)\">\n<div class=\"wp-block-columns alignwide are-vertically-aligned-center is-layout-flex wp-container-core-columns-is-layout-174606dc wp-block-columns-is-layout-flex\">\n<div class=\"wp-block-column is-vertically-aligned-center is-layout-flow wp-block-column-is-layout-flow\">\n<div class=\"wp-block-group alignwide is-vertical is-layout-flex wp-container-core-group-is-layout-c35747d5 wp-block-group-is-layout-flex\">\n<div class=\"wp-block-group has-global-padding is-layout-constrained wp-container-core-group-is-layout-dd32767c wp-block-group-is-layout-constrained\">\n<h2 class=\"wp-block-heading\">Etruria Fairways &#8211; podr\u00f3\u017ce, kt\u00f3re inspiruj\u0105<\/h2>\n\n\n\n<p>Etruria Fairways to po\u0142\u0105czenie luksusu, sztuki i kultury, tworz\u0105ce niezapomniane do\u015bwiadczenia dla wymagaj\u0105cych podr\u00f3\u017cnik\u00f3w.<\/p>\n<\/div>\n<\/div>\n<\/div>\n\n\n\n<div class=\"wp-block-column is-vertically-aligned-center is-layout-flow wp-block-column-is-layout-flow\">\n<figure class=\"wp-block-image size-large is-style-ext-preset--image--natural-1--image-1--content-left is-style-ext-preset--image--natural-1--image-1--content-left--9\"><img loading=\"lazy\" decoding=\"async\" width=\"1024\" height=\"681\" src=\"https:\/\/etruriafairways.com\/wp-content\/uploads\/2026\/02\/frescoed_terrace_by_day_20110830_1670754446-kopia-1024x681.jpg\" alt=\"\" class=\"wp-image-154\" style=\"aspect-ratio:1;object-fit:cover\" srcset=\"https:\/\/etruriafairways.com\/wp-content\/uploads\/2026\/02\/frescoed_terrace_by_day_20110830_1670754446-kopia-1024x681.jpg 1024w, https:\/\/etruriafairways.com\/wp-content\/uploads\/2026\/02\/frescoed_terrace_by_day_20110830_1670754446-kopia-300x199.jpg 300w, https:\/\/etruriafairways.com\/wp-content\/uploads\/2026\/02\/frescoed_terrace_by_day_20110830_1670754446-kopia-768x511.jpg 768w, https:\/\/etruriafairways.com\/wp-content\/uploads\/2026\/02\/frescoed_terrace_by_day_20110830_1670754446-kopia-1536x1021.jpg 1536w, https:\/\/etruriafairways.com\/wp-content\/uploads\/2026\/02\/frescoed_terrace_by_day_20110830_1670754446-kopia-2048x1362.jpg 2048w, https:\/\/etruriafairways.com\/wp-content\/uploads\/2026\/02\/frescoed_terrace_by_day_20110830_1670754446-kopia-18x12.jpg 18w\" sizes=\"auto, (max-width: 1024px) 100vw, 1024px\" \/><\/figure>\n<\/div>\n<\/div>\n<\/div>\n\n\n\n<div class=\"wp-block-group alignfull is-style-ext-preset--group--natural-1--section has-background-background-color has-background has-global-padding is-layout-constrained wp-container-core-group-is-layout-e955bbaf wp-block-group-is-layout-constrained\" style=\"margin-top:0;margin-bottom:0;padding-top:var(--wp--preset--spacing--70);padding-bottom:var(--wp--preset--spacing--70)\">\n<div class=\"wp-block-group alignwide is-vertical is-layout-flex wp-container-core-group-is-layout-c35747d5 wp-block-group-is-layout-flex\">\n<div class=\"wp-block-group has-global-padding is-layout-constrained wp-container-core-group-is-layout-5e05634a wp-block-group-is-layout-constrained\">\n<h2 class=\"wp-block-heading\">Prze\u017cyj niezapomniane chwile i wyj\u0105tkowe do\u015bwiadczenia<\/h2>\n\n\n\n<p class=\"has-text-align-left\">Tam, gdzie golf spotyka si\u0119 ze sztuk\u0105, a tradycja przenika nowoczesno\u015b\u0107, rodzi si\u0119 do\u015bwiadczenie o wyj\u0105tkowej g\u0142\u0119bi i charakterze. To przestrze\u0144, w kt\u00f3rej klasyczne dziedzictwo staje si\u0119 inspiracj\u0105 dla nowych medi\u00f3w, a przesz\u0142o\u015b\u0107 subtelnie kszta\u0142tuje przysz\u0142o\u015b\u0107. W tej harmonijnej symbiozie powstaje \u015bwiat dozna\u0144 tworzony dla tych, kt\u00f3rzy poszukuj\u0105 pi\u0119kna w jego najbardziej wyrafinowanej formie.<\/p>\n<\/div>\n<\/div>\n\n\n\n<div class=\"wp-block-columns alignwide is-layout-flex wp-container-core-columns-is-layout-174606dc wp-block-columns-is-layout-flex\">\n<div class=\"wp-block-column is-vertically-aligned-stretch is-layout-flow wp-container-core-column-is-layout-119bc444 wp-block-column-is-layout-flow\">\n<div class=\"wp-block-cover is-style-ext-preset--image--natural-1--image-1--content-right is-style-ext-preset--image--natural-1--image-1--content-right--11\" style=\"padding-top:0;padding-bottom:0;min-height:100%;aspect-ratio:unset;\"><img loading=\"lazy\" decoding=\"async\" width=\"1024\" height=\"1024\" class=\"wp-block-cover__image-background wp-image-155 size-large\" alt=\"\" src=\"https:\/\/etruriafairways.com\/wp-content\/uploads\/2026\/02\/IMG_1072-\u2013-ze-zmianami-1024x1024.jpg\" data-object-fit=\"cover\" srcset=\"https:\/\/etruriafairways.com\/wp-content\/uploads\/2026\/02\/IMG_1072-\u2013-ze-zmianami-1024x1024.jpg 1024w, https:\/\/etruriafairways.com\/wp-content\/uploads\/2026\/02\/IMG_1072-\u2013-ze-zmianami-300x300.jpg 300w, https:\/\/etruriafairways.com\/wp-content\/uploads\/2026\/02\/IMG_1072-\u2013-ze-zmianami-150x150.jpg 150w, https:\/\/etruriafairways.com\/wp-content\/uploads\/2026\/02\/IMG_1072-\u2013-ze-zmianami-768x768.jpg 768w, https:\/\/etruriafairways.com\/wp-content\/uploads\/2026\/02\/IMG_1072-\u2013-ze-zmianami-1536x1536.jpg 1536w, https:\/\/etruriafairways.com\/wp-content\/uploads\/2026\/02\/IMG_1072-\u2013-ze-zmianami-2048x2048.jpg 2048w, https:\/\/etruriafairways.com\/wp-content\/uploads\/2026\/02\/IMG_1072-\u2013-ze-zmianami-12x12.jpg 12w\" sizes=\"auto, (max-width: 1024px) 100vw, 1024px\" \/><span aria-hidden=\"true\" class=\"wp-block-cover__background has-background-dim-0 has-background-dim\" style=\"background-color:#7e7874\"><\/span><div class=\"wp-block-cover__inner-container is-layout-flow wp-block-cover-is-layout-flow\">\n<div style=\"height:240px\" aria-hidden=\"true\" class=\"wp-block-spacer\"><\/div>\n<\/div><\/div>\n<\/div>\n\n\n\n<div class=\"wp-block-column is-vertically-aligned-center is-layout-flow wp-block-column-is-layout-flow\">\n<div class=\"wp-block-group is-style-ext-preset--group--natural-1--item-card-1--align-start has-global-padding is-layout-constrained wp-block-group-is-layout-constrained is-style-ext-preset--group--natural-1--item-card-1--align-start--12\">\n<div class=\"wp-block-group is-style-default has-global-padding is-layout-constrained wp-block-group-is-layout-constrained\">\n<div class=\"wp-block-group is-nowrap is-layout-flex wp-container-core-group-is-layout-64fa2afa wp-block-group-is-layout-flex\" style=\"padding-top:0;padding-right:0;padding-bottom:0;padding-left:0\">\n<figure class=\"wp-block-image size-large ext-aspect-landscape wp-duotone-primary-foreground\"><img decoding=\"async\" src=\"data:image\/svg+xml;base64,PHN2ZyB4bWxucz0iaHR0cDovL3d3dy53My5vcmcvMjAwMC9zdmciIHdpZHRoPSI0OCIgaGVpZ2h0PSI0OCIgZmlsbD0iIzAwMDAwMCIgdmlld0JveD0iMCAwIDI1NiAyNTYiPjxwYXRoIGQ9Ik0xNzIsNzZhNDQsNDQsMCwxLDAtNDQsNDRBNDQuMDUsNDQuMDUsMCwwLDAsMTcyLDc2Wm0tNDQsMjhhMjgsMjgsMCwxLDEsMjgtMjhBMjgsMjgsMCwwLDEsMTI4LDEwNFptNjAsMjRhNDQsNDQsMCwxLDAsNDQsNDRBNDQuMDUsNDQuMDUsMCwwLDAsMTg4LDEyOFptMCw3MmEyOCwyOCwwLDEsMSwyOC0yOEEyOCwyOCwwLDAsMSwxODgsMjAwWk02OCwxMjhhNDQsNDQsMCwxLDAsNDQsNDRBNDQuMDUsNDQuMDUsMCwwLDAsNjgsMTI4Wm0wLDcyYTI4LDI4LDAsMSwxLDI4LTI4QTI4LDI4LDAsMCwxLDY4LDIwMFoiPjwvcGF0aD48L3N2Zz4=\" alt=\"\" style=\"object-fit:cover\"\/><\/figure>\n\n\n\n<div class=\"wp-block-group wp-container-content-958eb9dc has-global-padding is-layout-constrained wp-container-core-group-is-layout-c06d165c wp-block-group-is-layout-constrained\" style=\"padding-top:0;padding-right:0;padding-bottom:0;padding-left:0\">\n<h3 class=\"wp-block-heading\">Miejsca pe\u0142ne magii<\/h3>\n\n\n\n<p>Ka\u017cde miejsce w naszych podr\u00f3\u017cach zosta\u0142o wybrane z najwy\u017csz\u0105 staranno\u015bci\u0105, aby nie tylko zachwyca\u0107, lecz tak\u017ce subtelnie porusza\u0107 wn\u0119trze i inspirowa\u0107 duchowo.<\/p>\n<\/div>\n<\/div>\n<\/div>\n<\/div>\n\n\n\n<div class=\"wp-block-group is-style-ext-preset--group--natural-1--item-card-1--align-start has-global-padding is-layout-constrained wp-block-group-is-layout-constrained is-style-ext-preset--group--natural-1--item-card-1--align-start--13\">\n<div class=\"wp-block-group is-style-default has-global-padding is-layout-constrained wp-block-group-is-layout-constrained\">\n<div class=\"wp-block-group is-nowrap is-layout-flex wp-container-core-group-is-layout-64fa2afa wp-block-group-is-layout-flex\" style=\"padding-top:0;padding-right:0;padding-bottom:0;padding-left:0\">\n<figure class=\"wp-block-image size-large ext-aspect-landscape wp-duotone-primary-foreground\"><img decoding=\"async\" src=\"data:image\/svg+xml;base64,PHN2ZyB4bWxucz0iaHR0cDovL3d3dy53My5vcmcvMjAwMC9zdmciIHdpZHRoPSI0OCIgaGVpZ2h0PSI0OCIgZmlsbD0iIzAwMDAwMCIgdmlld0JveD0iMCAwIDI1NiAyNTYiPjxwYXRoIGQ9Ik04MCw0MGE0MCw0MCwwLDEsMCw0MCw0MEE0MCw0MCwwLDAsMCw4MCw0MFptMCw2NGEyNCwyNCwwLDEsMSwyNC0yNEEyNCwyNCwwLDAsMSw4MCwxMDRabTk2LDE2YTQwLDQwLDAsMSwwLTQwLTQwQTQwLDQwLDAsMCwwLDE3NiwxMjBabTAtNjRhMjQsMjQsMCwxLDEtMjQsMjRBMjQsMjQsMCwwLDEsMTc2LDU2Wk04MCwxMzZhNDAsNDAsMCwxLDAsNDAsNDBBNDAsNDAsMCwwLDAsODAsMTM2Wm0wLDY0YTI0LDI0LDAsMSwxLDI0LTI0QTI0LDI0LDAsMCwxLDgwLDIwMFptOTYtNjRhNDAsNDAsMCwxLDAsNDAsNDBBNDAsNDAsMCwwLDAsMTc2LDEzNlptMCw2NGEyNCwyNCwwLDEsMSwyNC0yNEEyNCwyNCwwLDAsMSwxNzYsMjAwWiI+PC9wYXRoPjwvc3ZnPg==\" alt=\"\" style=\"object-fit:cover\"\/><\/figure>\n\n\n\n<div class=\"wp-block-group wp-container-content-958eb9dc has-global-padding is-layout-constrained wp-container-core-group-is-layout-c06d165c wp-block-group-is-layout-constrained\" style=\"padding-top:0;padding-right:0;padding-bottom:0;padding-left:0\">\n<h3 class=\"wp-block-heading\">Artystyczne interpretacje podr\u00f3\u017cy i kultury<\/h3>\n\n\n\n<p>Nasza opowie\u015b\u0107 o \u015bwiecie widzianym przez pryzmat wra\u017cliwo\u015bci, estetyki i znacze\u0144 ukrytych poza tym, co oczywiste. Ka\u017cde do\u015bwiadczenie staje si\u0119 tu inspiracj\u0105, a ka\u017cda przestrze\u0144 \u2014 p\u0142\u00f3tnem, na kt\u00f3rym spotykaj\u0105 si\u0119 tradycja, emocje i wsp\u00f3\u0142czesna wizja pi\u0119kna. To podr\u00f3\u017c, kt\u00f3ra nie ko\u0144czy si\u0119 wraz z powrotem, lecz pozostaje w pami\u0119ci jako prze\u017cycie o artystycznej g\u0142\u0119bi.<\/p>\n<\/div>\n<\/div>\n<\/div>\n<\/div>\n\n\n\n<div class=\"wp-block-group is-style-ext-preset--group--natural-1--item-card-1--align-start has-global-padding is-layout-constrained wp-block-group-is-layout-constrained is-style-ext-preset--group--natural-1--item-card-1--align-start--14\">\n<div class=\"wp-block-group is-style-default has-global-padding is-layout-constrained wp-block-group-is-layout-constrained\">\n<div class=\"wp-block-group is-nowrap is-layout-flex wp-container-core-group-is-layout-64fa2afa wp-block-group-is-layout-flex\" style=\"padding-top:0;padding-right:0;padding-bottom:0;padding-left:0\">\n<figure class=\"wp-block-image size-large ext-aspect-landscape wp-duotone-primary-foreground\"><img decoding=\"async\" src=\"data:image\/svg+xml;base64,PHN2ZyB4bWxucz0iaHR0cDovL3d3dy53My5vcmcvMjAwMC9zdmciIHdpZHRoPSI0OCIgaGVpZ2h0PSI0OCIgZmlsbD0iIzAwMDAwMCIgdmlld0JveD0iMCAwIDI1NiAyNTYiPjxwYXRoIGQ9Ik04MCw0MGE0MCw0MCwwLDEsMCw0MCw0MEE0MCw0MCwwLDAsMCw4MCw0MFptMCw2NGEyNCwyNCwwLDEsMSwyNC0yNEEyNCwyNCwwLDAsMSw4MCwxMDRabTk2LDE2YTQwLDQwLDAsMSwwLTQwLTQwQTQwLDQwLDAsMCwwLDE3NiwxMjBabTAtNjRhMjQsMjQsMCwxLDEtMjQsMjRBMjQsMjQsMCwwLDEsMTc2LDU2Wk04MCwxMzZhNDAsNDAsMCwxLDAsNDAsNDBBNDAsNDAsMCwwLDAsODAsMTM2Wm0wLDY0YTI0LDI0LDAsMSwxLDI0LTI0QTI0LDI0LDAsMCwxLDgwLDIwMFptMTM2LTI0YTgsOCwwLDAsMS04LDhIMTg0djI0YTgsOCwwLDAsMS0xNiwwVjE4NEgxNDRhOCw4LDAsMCwxLDAtMTZoMjRWMTQ0YTgsOCwwLDAsMSwxNiwwdjI0aDI0QTgsOCwwLDAsMSwyMTYsMTc2WiI+PC9wYXRoPjwvc3ZnPg==\" alt=\"\" style=\"object-fit:cover\"\/><\/figure>\n\n\n\n<div class=\"wp-block-group wp-container-content-958eb9dc has-global-padding is-layout-constrained wp-container-core-group-is-layout-c06d165c wp-block-group-is-layout-constrained\" style=\"padding-top:0;padding-right:0;padding-bottom:0;padding-left:0\">\n<h3 class=\"wp-block-heading\">Interaktywne media i multimedialne opowie\u015bci<\/h3>\n\n\n\n<p>Prezentujemy innowacyjne formy wyrazu, kt\u00f3re o\u017cywiaj\u0105 tre\u015bci i anga\u017cuj\u0105 odbiorc\u0119 na wielu poziomach, \u0142\u0105cz\u0105c sztuk\u0119 narracji z technologi\u0105 do\u015bwiadczenia. Tworzymy transmedialne pokazy oraz rzemie\u015blniczo konstruowane urz\u0105dzenia, kt\u00f3re podczas podr\u00f3\u017cy prowadz\u0105 zmys\u0142y przez p\u0142ynne przej\u015bcie od \u015bwiata tradycji do nowych medi\u00f3w. To dialog epok i form \u2014 subtelny, immersyjny i zaprojektowany tak, by pozostawi\u0107 trwa\u0142e wra\u017cenie.<\/p>\n<\/div>\n<\/div>\n<\/div>\n<\/div>\n\n\n\n<div class=\"wp-block-buttons is-content-justification-center is-layout-flex wp-container-core-buttons-is-layout-a89b3969 wp-block-buttons-is-layout-flex\"><\/div>\n<\/div>\n<\/div>\n<\/div>","protected":false},"excerpt":{"rendered":"<p>Wyj\u0105tkowe chwile dla najbardziej wymagaj\u0105cych Po\u015br\u00f3d toska\u0144skich wzg\u00f3rz, gdzie powietrze pachnie cyprysami i histori\u0105, rodzi si\u0119 do\u015bwiadczenie stworzone dla tych, kt\u00f3rzy poszukuj\u0105 czego\u015b wi\u0119cej ni\u017c podr\u00f3\u017cy. Tu golf staje si\u0119 rytua\u0142em elegancji, a ka\u017cdy dzie\u0144 p\u0142ynie w tempie sztuki, smaku i doskona\u0142o\u015bci. To \u015bwiat zarezerwowany dla nielicznych \u2014 tych, kt\u00f3rzy rozumiej\u0105, \u017ce prawdziwy luksus nie [&hellip;]<\/p>\n","protected":false},"author":1,"featured_media":0,"parent":0,"menu_order":0,"comment_status":"closed","ping_status":"closed","template":"page-with-title","meta":{"footnotes":""},"class_list":["post-82","page","type-page","status-publish","hentry"],"aioseo_notices":[],"_links":{"self":[{"href":"https:\/\/etruriafairways.com\/en\/wp-json\/wp\/v2\/pages\/82","targetHints":{"allow":["GET"]}}],"collection":[{"href":"https:\/\/etruriafairways.com\/en\/wp-json\/wp\/v2\/pages"}],"about":[{"href":"https:\/\/etruriafairways.com\/en\/wp-json\/wp\/v2\/types\/page"}],"author":[{"embeddable":true,"href":"https:\/\/etruriafairways.com\/en\/wp-json\/wp\/v2\/users\/1"}],"replies":[{"embeddable":true,"href":"https:\/\/etruriafairways.com\/en\/wp-json\/wp\/v2\/comments?post=82"}],"version-history":[{"count":7,"href":"https:\/\/etruriafairways.com\/en\/wp-json\/wp\/v2\/pages\/82\/revisions"}],"predecessor-version":[{"id":216,"href":"https:\/\/etruriafairways.com\/en\/wp-json\/wp\/v2\/pages\/82\/revisions\/216"}],"wp:attachment":[{"href":"https:\/\/etruriafairways.com\/en\/wp-json\/wp\/v2\/media?parent=82"}],"curies":[{"name":"wp","href":"https:\/\/api.w.org\/{rel}","templated":true}]}}