{"id":81,"date":"2026-02-15T20:42:47","date_gmt":"2026-02-15T19:42:47","guid":{"rendered":"https:\/\/etruriafairways.com\/kontakt\/"},"modified":"2026-02-19T23:23:01","modified_gmt":"2026-02-19T22:23:01","slug":"golf","status":"publish","type":"page","link":"https:\/\/etruriafairways.com\/en\/golf\/","title":{"rendered":"Golf Tours"},"content":{"rendered":"<div class=\"wp-block-group alignfull is-style-ext-preset--group--natural-1--section has-tertiary-background-color has-background has-global-padding is-layout-constrained wp-container-core-group-is-layout-f72f1611 wp-block-group-is-layout-constrained\" id=\"galeria\" style=\"margin-top:0;margin-bottom:0;padding-top:var(--wp--preset--spacing--70);padding-bottom:var(--wp--preset--spacing--70)\">\n<div class=\"wp-block-group alignwide is-vertical is-layout-flex wp-container-core-group-is-layout-c35747d5 wp-block-group-is-layout-flex\">\n<div class=\"wp-block-group has-global-padding is-layout-constrained wp-container-core-group-is-layout-5e05634a wp-block-group-is-layout-constrained\">\n<h2 class=\"wp-block-heading\">W rytmie mistrzowskich uderze\u0144<\/h2>\n\n\n\n<p class=\"has-text-align-left\">Podr\u00f3\u017ce Etruria Fairways prowadz\u0105 do serca W\u0142och \u2014 Toskanii, gdzie golf staje si\u0119 do\u015bwiadczeniem wyrafinowanego stylu \u017cycia. Gramy wy\u0142\u0105cznie na najlepszych, starannie wyselekcjonowanych polach golfowych, oferuj\u0105cych nie tylko perfekcyjne warunki gry, lecz tak\u017ce spektakularne krajobrazy. Go\u015bcie zatrzymuj\u0105 si\u0119 w kameralnych obiektach typu <em>small luxury hotels<\/em>, w kt\u00f3rych elegancja \u0142\u0105czy si\u0119 z autentyczn\u0105 atmosfer\u0105 regionu. Ka\u017cdy wyjazd dope\u0142nia wybitna kuchnia oparta na lokalnych tradycjach oraz selekcja win charakterystycznych dla Toskanii. Nad ka\u017cdym detalem czuwa dedykowany concierge, dbaj\u0105cy o komfort, prywatno\u015b\u0107 i indywidualne \u017cyczenia uczestnik\u00f3w. To podr\u00f3\u017c zaprojektowana dla tych, kt\u00f3rzy oczekuj\u0105 od wakacji czego\u015b wi\u0119cej ni\u017c wypoczynku \u2014 prawdziwego do\u015bwiadczenia klasy premium.<\/p>\n<\/div>\n<\/div>\n\n\n\n<div class=\"wp-block-columns alignwide is-layout-flex wp-container-core-columns-is-layout-87beb0d0 wp-block-columns-is-layout-flex\">\n<div class=\"wp-block-column is-vertically-aligned-top is-layout-flow wp-container-core-column-is-layout-f5bb311e wp-block-column-is-layout-flow\">\n<figure class=\"wp-block-image size-large is-style-ext-preset--image--natural-1--image-1--content-bottom is-style-ext-preset--image--natural-1--image-1--content-bottom--2\"><img loading=\"lazy\" decoding=\"async\" width=\"1024\" height=\"1024\" src=\"https:\/\/etruriafairways.com\/wp-content\/uploads\/2026\/02\/5b80e363-535b-4ca0-aa9e-f519e428cd6d-\u2013-ze-zmianami-1024x1024.jpeg\" alt=\"\" class=\"wp-image-221\" style=\"aspect-ratio:1;object-fit:cover\" srcset=\"https:\/\/etruriafairways.com\/wp-content\/uploads\/2026\/02\/5b80e363-535b-4ca0-aa9e-f519e428cd6d-\u2013-ze-zmianami-1024x1024.jpeg 1024w, https:\/\/etruriafairways.com\/wp-content\/uploads\/2026\/02\/5b80e363-535b-4ca0-aa9e-f519e428cd6d-\u2013-ze-zmianami-300x300.jpeg 300w, https:\/\/etruriafairways.com\/wp-content\/uploads\/2026\/02\/5b80e363-535b-4ca0-aa9e-f519e428cd6d-\u2013-ze-zmianami-150x150.jpeg 150w, https:\/\/etruriafairways.com\/wp-content\/uploads\/2026\/02\/5b80e363-535b-4ca0-aa9e-f519e428cd6d-\u2013-ze-zmianami-768x768.jpeg 768w, https:\/\/etruriafairways.com\/wp-content\/uploads\/2026\/02\/5b80e363-535b-4ca0-aa9e-f519e428cd6d-\u2013-ze-zmianami-12x12.jpeg 12w, https:\/\/etruriafairways.com\/wp-content\/uploads\/2026\/02\/5b80e363-535b-4ca0-aa9e-f519e428cd6d-\u2013-ze-zmianami.jpeg 1536w\" sizes=\"auto, (max-width: 1024px) 100vw, 1024px\" \/><\/figure>\n\n\n\n<figure class=\"wp-block-image size-large is-style-ext-preset--image--natural-1--image-1--content-right is-style-ext-preset--image--natural-1--image-1--content-right--3\"><img loading=\"lazy\" decoding=\"async\" width=\"1024\" height=\"1024\" src=\"https:\/\/etruriafairways.com\/wp-content\/uploads\/2026\/02\/villa-kopia-\u2013-ze-zmianami-1024x1024.jpeg\" alt=\"\" class=\"wp-image-223\" style=\"aspect-ratio:4\/3;object-fit:cover\" srcset=\"https:\/\/etruriafairways.com\/wp-content\/uploads\/2026\/02\/villa-kopia-\u2013-ze-zmianami-1024x1024.jpeg 1024w, https:\/\/etruriafairways.com\/wp-content\/uploads\/2026\/02\/villa-kopia-\u2013-ze-zmianami-300x300.jpeg 300w, https:\/\/etruriafairways.com\/wp-content\/uploads\/2026\/02\/villa-kopia-\u2013-ze-zmianami-150x150.jpeg 150w, https:\/\/etruriafairways.com\/wp-content\/uploads\/2026\/02\/villa-kopia-\u2013-ze-zmianami-768x769.jpeg 768w, https:\/\/etruriafairways.com\/wp-content\/uploads\/2026\/02\/villa-kopia-\u2013-ze-zmianami-1536x1536.jpeg 1536w, https:\/\/etruriafairways.com\/wp-content\/uploads\/2026\/02\/villa-kopia-\u2013-ze-zmianami-2046x2048.jpeg 2046w, https:\/\/etruriafairways.com\/wp-content\/uploads\/2026\/02\/villa-kopia-\u2013-ze-zmianami-12x12.jpeg 12w\" sizes=\"auto, (max-width: 1024px) 100vw, 1024px\" \/><\/figure>\n<\/div>\n\n\n\n<div class=\"wp-block-column is-vertically-aligned-top is-layout-flow wp-container-core-column-is-layout-f5bb311e wp-block-column-is-layout-flow\">\n<figure class=\"wp-block-image size-large is-style-ext-preset--image--natural-1--image-1--content-left is-style-ext-preset--image--natural-1--image-1--content-left--4\"><img loading=\"lazy\" decoding=\"async\" width=\"1024\" height=\"1024\" src=\"https:\/\/etruriafairways.com\/wp-content\/uploads\/2026\/02\/dfbeb046-a63c-4b8e-b530-7202e19104e6-\u2013-ze-zmianami-1024x1024.jpeg\" alt=\"\" class=\"wp-image-222\" style=\"aspect-ratio:4\/3;object-fit:cover\" srcset=\"https:\/\/etruriafairways.com\/wp-content\/uploads\/2026\/02\/dfbeb046-a63c-4b8e-b530-7202e19104e6-\u2013-ze-zmianami-1024x1024.jpeg 1024w, https:\/\/etruriafairways.com\/wp-content\/uploads\/2026\/02\/dfbeb046-a63c-4b8e-b530-7202e19104e6-\u2013-ze-zmianami-300x300.jpeg 300w, https:\/\/etruriafairways.com\/wp-content\/uploads\/2026\/02\/dfbeb046-a63c-4b8e-b530-7202e19104e6-\u2013-ze-zmianami-150x150.jpeg 150w, https:\/\/etruriafairways.com\/wp-content\/uploads\/2026\/02\/dfbeb046-a63c-4b8e-b530-7202e19104e6-\u2013-ze-zmianami-768x768.jpeg 768w, https:\/\/etruriafairways.com\/wp-content\/uploads\/2026\/02\/dfbeb046-a63c-4b8e-b530-7202e19104e6-\u2013-ze-zmianami-12x12.jpeg 12w, https:\/\/etruriafairways.com\/wp-content\/uploads\/2026\/02\/dfbeb046-a63c-4b8e-b530-7202e19104e6-\u2013-ze-zmianami.jpeg 1536w\" sizes=\"auto, (max-width: 1024px) 100vw, 1024px\" \/><\/figure>\n\n\n\n<figure class=\"wp-block-image size-full is-style-ext-preset--image--natural-1--image-1--content-left is-style-ext-preset--image--natural-1--image-1--content-left--5\"><img loading=\"lazy\" decoding=\"async\" width=\"768\" height=\"768\" src=\"https:\/\/etruriafairways.com\/wp-content\/uploads\/2026\/02\/6bc1a9b0-df64-4170-a23d-fa9c4b60d75e-\u2013-ze-zmianami.jpeg\" alt=\"\" class=\"wp-image-226\" style=\"aspect-ratio:1;object-fit:cover\" srcset=\"https:\/\/etruriafairways.com\/wp-content\/uploads\/2026\/02\/6bc1a9b0-df64-4170-a23d-fa9c4b60d75e-\u2013-ze-zmianami.jpeg 768w, https:\/\/etruriafairways.com\/wp-content\/uploads\/2026\/02\/6bc1a9b0-df64-4170-a23d-fa9c4b60d75e-\u2013-ze-zmianami-300x300.jpeg 300w, https:\/\/etruriafairways.com\/wp-content\/uploads\/2026\/02\/6bc1a9b0-df64-4170-a23d-fa9c4b60d75e-\u2013-ze-zmianami-150x150.jpeg 150w, https:\/\/etruriafairways.com\/wp-content\/uploads\/2026\/02\/6bc1a9b0-df64-4170-a23d-fa9c4b60d75e-\u2013-ze-zmianami-12x12.jpeg 12w\" sizes=\"auto, (max-width: 768px) 100vw, 768px\" \/><\/figure>\n<\/div>\n<\/div>\n<\/div>\n\n\n\n<div class=\"wp-block-group alignfull is-style-ext-preset--group--natural-1--section has-background-background-color has-background has-global-padding is-layout-constrained wp-container-core-group-is-layout-e955bbaf wp-block-group-is-layout-constrained\" style=\"margin-top:0;margin-bottom:0;padding-top:var(--wp--preset--spacing--70);padding-bottom:var(--wp--preset--spacing--70)\">\n<div class=\"wp-block-group alignwide is-vertical is-content-justification-center is-layout-flex wp-container-core-group-is-layout-c9ee0c5a wp-block-group-is-layout-flex\">\n<div class=\"wp-block-group has-global-padding is-layout-constrained wp-container-core-group-is-layout-5e05634a wp-block-group-is-layout-constrained\">\n<h2 class=\"wp-block-heading has-text-align-center\"><strong>\u015awiat golfa, podr\u00f3\u017cy i ponadczasowej elegancji<\/strong><\/h2>\n\n\n\n<p class=\"has-text-align-center\">Etruria Fairways kreuje wyjazdy, kt\u00f3re \u0142\u0105cz\u0105 sportow\u0105 pasj\u0119 z kultur\u0105, sztuk\u0105 \u017cycia i wyrafinowanym stylem Toskanii, oferuj\u0105c do\u015bwiadczenia zaprojektowane w najdrobniejszym detalu.<\/p>\n<\/div>\n<\/div>\n\n\n\n<div class=\"wp-block-columns alignwide is-layout-flex wp-container-core-columns-is-layout-08c01c1c wp-block-columns-is-layout-flex\">\n<div class=\"wp-block-column is-vertically-aligned-stretch is-layout-flow wp-container-core-column-is-layout-f5bb311e wp-block-column-is-layout-flow\">\n<div class=\"wp-block-group is-style-ext-preset--group--natural-1--item-card-1--align-center has-global-padding is-layout-constrained wp-block-group-is-layout-constrained is-style-ext-preset--group--natural-1--item-card-1--align-center--7\">\n<div class=\"wp-block-group is-style-default has-global-padding is-layout-constrained wp-block-group-is-layout-constrained\">\n<figure class=\"wp-block-image aligncenter size-large ext-aspect-landscape wp-duotone-primary-foreground\"><img decoding=\"async\" src=\"data:image\/svg+xml;base64,PHN2ZyB4bWxucz0iaHR0cDovL3d3dy53My5vcmcvMjAwMC9zdmciIHdpZHRoPSI0OCIgaGVpZ2h0PSI0OCIgZmlsbD0iIzAwMDAwMCIgdmlld0JveD0iMCAwIDI1NiAyNTYiPjxwYXRoIGQ9Ik0xNzIsNzZhNDQsNDQsMCwxLDAtNDQsNDRBNDQuMDUsNDQuMDUsMCwwLDAsMTcyLDc2Wm0tNDQsMjhhMjgsMjgsMCwxLDEsMjgtMjhBMjgsMjgsMCwwLDEsMTI4LDEwNFptNjAsMjRhNDQsNDQsMCwxLDAsNDQsNDRBNDQuMDUsNDQuMDUsMCwwLDAsMTg4LDEyOFptMCw3MmEyOCwyOCwwLDEsMSwyOC0yOEEyOCwyOCwwLDAsMSwxODgsMjAwWk02OCwxMjhhNDQsNDQsMCwxLDAsNDQsNDRBNDQuMDUsNDQuMDUsMCwwLDAsNjgsMTI4Wm0wLDcyYTI4LDI4LDAsMSwxLDI4LTI4QTI4LDI4LDAsMCwxLDY4LDIwMFoiPjwvcGF0aD48L3N2Zz4=\" alt=\"\" style=\"object-fit:cover\"\/><\/figure>\n\n\n\n<h3 class=\"wp-block-heading has-text-align-center\">Ekskluzywne podr\u00f3\u017ce golfowe klasy premium<\/h3>\n\n\n\n<p class=\"has-text-align-center\">Organizujemy wyjazdy na starannie wyselekcjonowane pola golfowe, gdzie najwy\u017csza jako\u015b\u0107 gry spotyka si\u0119 z presti\u017cem lokalizacji i doskona\u0142\u0105 obs\u0142ug\u0105.<\/p>\n<\/div>\n<\/div>\n<\/div>\n\n\n\n<div class=\"wp-block-column is-vertically-aligned-stretch is-layout-flow wp-container-core-column-is-layout-f5bb311e wp-block-column-is-layout-flow\">\n<div class=\"wp-block-group is-style-ext-preset--group--natural-1--item-card-1--align-center has-global-padding is-layout-constrained wp-block-group-is-layout-constrained is-style-ext-preset--group--natural-1--item-card-1--align-center--8\">\n<div class=\"wp-block-group is-style-default has-global-padding is-layout-constrained wp-block-group-is-layout-constrained\">\n<figure class=\"wp-block-image aligncenter size-large ext-aspect-landscape wp-duotone-primary-foreground\"><img decoding=\"async\" src=\"data:image\/svg+xml;base64,PHN2ZyB4bWxucz0iaHR0cDovL3d3dy53My5vcmcvMjAwMC9zdmciIHdpZHRoPSI0OCIgaGVpZ2h0PSI0OCIgZmlsbD0iIzAwMDAwMCIgdmlld0JveD0iMCAwIDI1NiAyNTYiPjxwYXRoIGQ9Ik04MCw0MGE0MCw0MCwwLDEsMCw0MCw0MEE0MCw0MCwwLDAsMCw4MCw0MFptMCw2NGEyNCwyNCwwLDEsMSwyNC0yNEEyNCwyNCwwLDAsMSw4MCwxMDRabTk2LDE2YTQwLDQwLDAsMSwwLTQwLTQwQTQwLDQwLDAsMCwwLDE3NiwxMjBabTAtNjRhMjQsMjQsMCwxLDEtMjQsMjRBMjQsMjQsMCwwLDEsMTc2LDU2Wk04MCwxMzZhNDAsNDAsMCwxLDAsNDAsNDBBNDAsNDAsMCwwLDAsODAsMTM2Wm0wLDY0YTI0LDI0LDAsMSwxLDI0LTI0QTI0LDI0LDAsMCwxLDgwLDIwMFptOTYtNjRhNDAsNDAsMCwxLDAsNDAsNDBBNDAsNDAsMCwwLDAsMTc2LDEzNlptMCw2NGEyNCwyNCwwLDEsMSwyNC0yNEEyNCwyNCwwLDAsMSwxNzYsMjAwWiI+PC9wYXRoPjwvc3ZnPg==\" alt=\"\" style=\"object-fit:cover\"\/><\/figure>\n\n\n\n<h3 class=\"wp-block-heading has-text-align-center\">Toskania w perspektywie wyj\u0105tkowych dozna\u0144<\/h3>\n\n\n\n<p><\/p>\n\n\n\n<p><\/p>\n\n\n\n<p class=\"has-text-align-center\">\u0141\u0105czymy gr\u0119, krajobraz i dziedzictwo regionu w podr\u00f3\u017ce, kt\u00f3re pozwalaj\u0105 do\u015bwiadcza\u0107 miejsca g\u0142\u0119biej \u2014 poprzez smak, histori\u0119 i atmosfer\u0119.<\/p>\n<\/div>\n<\/div>\n<\/div>\n\n\n\n<div class=\"wp-block-column is-vertically-aligned-stretch is-layout-flow wp-container-core-column-is-layout-f5bb311e wp-block-column-is-layout-flow\">\n<div class=\"wp-block-group is-style-ext-preset--group--natural-1--item-card-1--align-center has-global-padding is-layout-constrained wp-block-group-is-layout-constrained is-style-ext-preset--group--natural-1--item-card-1--align-center--9\">\n<div class=\"wp-block-group is-style-default has-global-padding is-layout-constrained wp-block-group-is-layout-constrained\">\n<figure class=\"wp-block-image aligncenter size-large ext-aspect-landscape wp-duotone-primary-foreground\"><img decoding=\"async\" src=\"data:image\/svg+xml;base64,PHN2ZyB4bWxucz0iaHR0cDovL3d3dy53My5vcmcvMjAwMC9zdmciIHdpZHRoPSI0OCIgaGVpZ2h0PSI0OCIgZmlsbD0iIzAwMDAwMCIgdmlld0JveD0iMCAwIDI1NiAyNTYiPjxwYXRoIGQ9Ik04MCw0MGE0MCw0MCwwLDEsMCw0MCw0MEE0MCw0MCwwLDAsMCw4MCw0MFptMCw2NGEyNCwyNCwwLDEsMSwyNC0yNEEyNCwyNCwwLDAsMSw4MCwxMDRabTk2LDE2YTQwLDQwLDAsMSwwLTQwLTQwQTQwLDQwLDAsMCwwLDE3NiwxMjBabTAtNjRhMjQsMjQsMCwxLDEtMjQsMjRBMjQsMjQsMCwwLDEsMTc2LDU2Wk04MCwxMzZhNDAsNDAsMCwxLDAsNDAsNDBBNDAsNDAsMCwwLDAsODAsMTM2Wm0wLDY0YTI0LDI0LDAsMSwxLDI0LTI0QTI0LDI0LDAsMCwxLDgwLDIwMFptMTM2LTI0YTgsOCwwLDAsMS04LDhIMTg0djI0YTgsOCwwLDAsMS0xNiwwVjE4NEgxNDRhOCw4LDAsMCwxLDAtMTZoMjRWMTQ0YTgsOCwwLDAsMSwxNiwwdjI0aDI0QTgsOCwwLDAsMSwyMTYsMTc2WiI+PC9wYXRoPjwvc3ZnPg==\" alt=\"\" style=\"object-fit:cover\"\/><\/figure>\n\n\n\n<h3 class=\"wp-block-heading has-text-align-center\">Golf jako do\u015bwiadczenie \u0142\u0105cz\u0105ce styl i emocje<\/h3>\n\n\n\n<p class=\"has-text-align-center\">Ka\u017cdy wyjazd to harmonijna kompozycja sportu, luksusu i autentyczno\u015bci, tworzona dla tych, kt\u00f3rzy oczekuj\u0105 od podr\u00f3\u017cy czego\u015b wi\u0119cej ni\u017c wypoczynku.<\/p>\n<\/div>\n<\/div>\n<\/div>\n<\/div>\n\n\n\n<div class=\"wp-block-buttons is-content-justification-center is-layout-flex wp-container-core-buttons-is-layout-a89b3969 wp-block-buttons-is-layout-flex\"><\/div>\n<\/div>","protected":false},"excerpt":{"rendered":"<p>W rytmie mistrzowskich uderze\u0144 Podr\u00f3\u017ce Etruria Fairways prowadz\u0105 do serca W\u0142och \u2014 Toskanii, gdzie golf staje si\u0119 do\u015bwiadczeniem wyrafinowanego stylu \u017cycia. Gramy wy\u0142\u0105cznie na najlepszych, starannie wyselekcjonowanych polach golfowych, oferuj\u0105cych nie tylko perfekcyjne warunki gry, lecz tak\u017ce spektakularne krajobrazy. Go\u015bcie zatrzymuj\u0105 si\u0119 w kameralnych obiektach typu small luxury hotels, w kt\u00f3rych elegancja \u0142\u0105czy si\u0119 z [&hellip;]<\/p>\n","protected":false},"author":1,"featured_media":0,"parent":0,"menu_order":0,"comment_status":"closed","ping_status":"closed","template":"page-with-title","meta":{"footnotes":""},"class_list":["post-81","page","type-page","status-publish","hentry"],"aioseo_notices":[],"_links":{"self":[{"href":"https:\/\/etruriafairways.com\/en\/wp-json\/wp\/v2\/pages\/81","targetHints":{"allow":["GET"]}}],"collection":[{"href":"https:\/\/etruriafairways.com\/en\/wp-json\/wp\/v2\/pages"}],"about":[{"href":"https:\/\/etruriafairways.com\/en\/wp-json\/wp\/v2\/types\/page"}],"author":[{"embeddable":true,"href":"https:\/\/etruriafairways.com\/en\/wp-json\/wp\/v2\/users\/1"}],"replies":[{"embeddable":true,"href":"https:\/\/etruriafairways.com\/en\/wp-json\/wp\/v2\/comments?post=81"}],"version-history":[{"count":10,"href":"https:\/\/etruriafairways.com\/en\/wp-json\/wp\/v2\/pages\/81\/revisions"}],"predecessor-version":[{"id":235,"href":"https:\/\/etruriafairways.com\/en\/wp-json\/wp\/v2\/pages\/81\/revisions\/235"}],"wp:attachment":[{"href":"https:\/\/etruriafairways.com\/en\/wp-json\/wp\/v2\/media?parent=81"}],"curies":[{"name":"wp","href":"https:\/\/api.w.org\/{rel}","templated":true}]}}