{"id":80,"date":"2026-02-15T20:42:46","date_gmt":"2026-02-15T19:42:46","guid":{"rendered":"https:\/\/etruriafairways.com\/o-nas\/"},"modified":"2026-02-15T21:35:04","modified_gmt":"2026-02-15T20:35:04","slug":"o-nas","status":"publish","type":"page","link":"https:\/\/etruriafairways.com\/en\/o-nas\/","title":{"rendered":"O nas"},"content":{"rendered":"<div class=\"wp-block-group alignfull is-style-ext-preset--group--natural-1--section has-background-background-color has-background has-global-padding is-layout-constrained wp-block-group-is-layout-constrained\" id=\"o-nas\" style=\"margin-top:0;margin-bottom:0;padding-top:var(--wp--preset--spacing--70);padding-bottom:var(--wp--preset--spacing--70)\">\n<div class=\"wp-block-columns alignwide are-vertically-aligned-center is-layout-flex wp-container-core-columns-is-layout-174606dc wp-block-columns-is-layout-flex\">\n<div class=\"wp-block-column is-vertically-aligned-center is-layout-flow wp-block-column-is-layout-flow\">\n<figure class=\"wp-block-image size-full is-style-ext-preset--image--natural-1--image-1--content-right is-style-ext-preset--image--natural-1--image-1--content-right--2\"><img loading=\"lazy\" decoding=\"async\" width=\"777\" height=\"516\" src=\"https:\/\/etruriafairways.com\/wp-content\/uploads\/2026\/02\/12_20100129_1502313205_20110909_1926429093-kopia-1.jpg\" alt=\"\" class=\"wp-image-125\" style=\"aspect-ratio:1;object-fit:cover\" srcset=\"https:\/\/etruriafairways.com\/wp-content\/uploads\/2026\/02\/12_20100129_1502313205_20110909_1926429093-kopia-1.jpg 777w, https:\/\/etruriafairways.com\/wp-content\/uploads\/2026\/02\/12_20100129_1502313205_20110909_1926429093-kopia-1-300x199.jpg 300w, https:\/\/etruriafairways.com\/wp-content\/uploads\/2026\/02\/12_20100129_1502313205_20110909_1926429093-kopia-1-768x510.jpg 768w, https:\/\/etruriafairways.com\/wp-content\/uploads\/2026\/02\/12_20100129_1502313205_20110909_1926429093-kopia-1-18x12.jpg 18w\" sizes=\"auto, (max-width: 777px) 100vw, 777px\" \/><\/figure>\n<\/div>\n\n\n\n<div class=\"wp-block-column is-vertically-aligned-center is-layout-flow wp-block-column-is-layout-flow\">\n<div class=\"wp-block-group alignwide is-vertical is-layout-flex wp-container-core-group-is-layout-c35747d5 wp-block-group-is-layout-flex\">\n<div class=\"wp-block-group has-global-padding is-layout-constrained wp-container-core-group-is-layout-dd32767c wp-block-group-is-layout-constrained\">\n<h2 class=\"wp-block-heading\">Etruria Fairways: synonim luksusu i kultury<\/h2>\n\n\n\n<p><strong>Etruria Fairways<\/strong>&nbsp;to przestrze\u0144 stworzona dla os\u00f3b, kt\u00f3re oczekuj\u0105 od \u017cycia czego\u015b wi\u0119cej ni\u017c standardowych do\u015bwiadcze\u0144. To marka \u0142\u0105cz\u0105ca \u015bwiat luksusowych podr\u00f3\u017cy golfowych, kolekcjonerstwa sztuki oraz nowoczesnych medi\u00f3w w jedn\u0105, sp\u00f3jn\u0105 opowie\u015b\u0107 o stylu, presti\u017cu i pasji do pi\u0119kna.<\/p>\n\n\n\n<p>Specjalizujemy si\u0119 w organizacji ekskluzywnych wyjazd\u00f3w golfowych do Italii \u2014 kraju, w kt\u00f3rym sport, kultura i historia tworz\u0105 harmonijn\u0105 ca\u0142o\u015b\u0107. Nasze podr\u00f3\u017ce s\u0105 projektowane indywidualnie, z dba\u0142o\u015bci\u0105 o ka\u017cdy detal: od prywatnych transfer\u00f3w i rezerwacji na najbardziej presti\u017cowych polach golfowych, po starannie dobrane hotele butikowe, wykwintn\u0105 kuchni\u0119 oraz dost\u0119p do miejsc niedost\u0119pnych dla masowej turystyki. Ka\u017cda wyprawa staje si\u0119 osobistym do\u015bwiadczeniem, a nie tylko podr\u00f3\u017c\u0105.<\/p>\n\n\n\n<p>Etruria Fairways to jednak znacznie wi\u0119cej ni\u017c turystyka premium. Jako kolekcjoner i promotor sztuki aktywnie uczestniczymy w \u015bwiecie artystycznym, wspieraj\u0105c tw\u00f3rc\u00f3w, inicjuj\u0105c projekty kuratorskie i buduj\u0105c relacje mi\u0119dzy sztuk\u0105 a jej odbiorcami. Wierzymy, \u017ce sztuka nie jest dodatkiem do \u017cycia \u2014 jest jego esencj\u0105.<\/p>\n\n\n\n<p>Nasz\u0105 dzia\u0142alno\u015b\u0107 rozszerzamy tak\u017ce o obszar nowych medi\u00f3w, gdzie \u0142\u0105czymy technologi\u0119 z estetyk\u0105, tworz\u0105c innowacyjne formy prezentacji sztuki i do\u015bwiadcze\u0144 wizualnych. Dzi\u0119ki temu nasi klienci maj\u0105 dost\u0119p do projekt\u00f3w, kt\u00f3re wykraczaj\u0105 poza tradycyjne ramy kolekcjonerstwa czy podr\u00f3\u017cowania \u2014 wchodz\u0105 w \u015bwiat immersyjnych dozna\u0144, gdzie obraz, d\u017awi\u0119k i przestrze\u0144 wsp\u00f3\u0142tworz\u0105 emocje.<\/p>\n\n\n\n<p><strong>Etruria Fairways<\/strong>&nbsp;to marka dla tych, kt\u00f3rzy ceni\u0105 wyj\u0105tkowo\u015b\u0107, autentyczno\u015b\u0107 i najwy\u017csz\u0105 jako\u015b\u0107. Dla ludzi, kt\u00f3rzy podr\u00f3\u017c traktuj\u0105 jak sztuk\u0119, a sztuk\u0119 jak podr\u00f3\u017c.<\/p>\n<\/div>\n<\/div>\n<\/div>\n<\/div>\n<\/div>\n\n\n\n<div class=\"wp-block-group alignfull is-style-ext-preset--group--natural-1--section has-background-background-color has-background has-global-padding is-layout-constrained wp-container-core-group-is-layout-e955bbaf wp-block-group-is-layout-constrained\" style=\"margin-top:0;margin-bottom:0;padding-top:var(--wp--preset--spacing--70);padding-bottom:var(--wp--preset--spacing--70)\">\n<div class=\"wp-block-group alignwide is-vertical is-content-justification-center is-layout-flex wp-container-core-group-is-layout-c9ee0c5a wp-block-group-is-layout-flex\">\n<div class=\"wp-block-group has-global-padding is-layout-constrained wp-container-core-group-is-layout-5e05634a wp-block-group-is-layout-constrained\">\n<h2 class=\"wp-block-heading has-text-align-center\">Luksus i zaufanie w ka\u017cdym detalu<\/h2>\n\n\n\n<p class=\"has-text-align-center\">Etruria Fairways \u0142\u0105czy presti\u017c bran\u017cy, rygorystyczne standardy i uznanie ekspert\u00f3w, by zapewni\u0107 najwy\u017csz\u0105 jako\u015b\u0107.<\/p>\n<\/div>\n<\/div>\n\n\n\n<div class=\"wp-block-columns alignwide is-layout-flex wp-container-core-columns-is-layout-08c01c1c wp-block-columns-is-layout-flex\">\n<div class=\"wp-block-column is-vertically-aligned-stretch is-layout-flow wp-container-core-column-is-layout-f5bb311e wp-block-column-is-layout-flow\">\n<div class=\"wp-block-group is-style-ext-preset--group--natural-1--item-card-1--align-center has-global-padding is-layout-constrained wp-block-group-is-layout-constrained is-style-ext-preset--group--natural-1--item-card-1--align-center--4\">\n<div class=\"wp-block-group is-style-default has-global-padding is-layout-constrained wp-block-group-is-layout-constrained\">\n<figure class=\"wp-block-image aligncenter size-large ext-aspect-landscape wp-duotone-primary-foreground\"><img decoding=\"async\" src=\"data:image\/svg+xml;base64,PHN2ZyB4bWxucz0iaHR0cDovL3d3dy53My5vcmcvMjAwMC9zdmciIHdpZHRoPSI0OCIgaGVpZ2h0PSI0OCIgZmlsbD0iIzAwMDAwMCIgdmlld0JveD0iMCAwIDI1NiAyNTYiPjxwYXRoIGQ9Ik0xNzIsNzZhNDQsNDQsMCwxLDAtNDQsNDRBNDQuMDUsNDQuMDUsMCwwLDAsMTcyLDc2Wm0tNDQsMjhhMjgsMjgsMCwxLDEsMjgtMjhBMjgsMjgsMCwwLDEsMTI4LDEwNFptNjAsMjRhNDQsNDQsMCwxLDAsNDQsNDRBNDQuMDUsNDQuMDUsMCwwLDAsMTg4LDEyOFptMCw3MmEyOCwyOCwwLDEsMSwyOC0yOEEyOCwyOCwwLDAsMSwxODgsMjAwWk02OCwxMjhhNDQsNDQsMCwxLDAsNDQsNDRBNDQuMDUsNDQuMDUsMCwwLDAsNjgsMTI4Wm0wLDcyYTI4LDI4LDAsMSwxLDI4LTI4QTI4LDI4LDAsMCwxLDY4LDIwMFoiPjwvcGF0aD48L3N2Zz4=\" alt=\"\" style=\"object-fit:cover\"\/><\/figure>\n\n\n\n<h3 class=\"wp-block-heading has-text-align-center\">Certyfikat Doskona\u0142o\u015bci Podr\u00f3\u017cy<\/h3>\n\n\n\n<p class=\"has-text-align-center\">Uznanie przyznane za wyj\u0105tkowe do\u015bwiadczenia i niezr\u00f3wnan\u0105 jako\u015b\u0107 obs\u0142ugi naszych klient\u00f3w.<\/p>\n<\/div>\n<\/div>\n<\/div>\n\n\n\n<div class=\"wp-block-column is-vertically-aligned-stretch is-layout-flow wp-container-core-column-is-layout-f5bb311e wp-block-column-is-layout-flow\">\n<div class=\"wp-block-group is-style-ext-preset--group--natural-1--item-card-1--align-center has-global-padding is-layout-constrained wp-block-group-is-layout-constrained is-style-ext-preset--group--natural-1--item-card-1--align-center--5\">\n<div class=\"wp-block-group is-style-default has-global-padding is-layout-constrained wp-block-group-is-layout-constrained\">\n<figure class=\"wp-block-image aligncenter size-large ext-aspect-landscape wp-duotone-primary-foreground\"><img decoding=\"async\" src=\"data:image\/svg+xml;base64,PHN2ZyB4bWxucz0iaHR0cDovL3d3dy53My5vcmcvMjAwMC9zdmciIHdpZHRoPSI0OCIgaGVpZ2h0PSI0OCIgZmlsbD0iIzAwMDAwMCIgdmlld0JveD0iMCAwIDI1NiAyNTYiPjxwYXRoIGQ9Ik04MCw0MGE0MCw0MCwwLDEsMCw0MCw0MEE0MCw0MCwwLDAsMCw4MCw0MFptMCw2NGEyNCwyNCwwLDEsMSwyNC0yNEEyNCwyNCwwLDAsMSw4MCwxMDRabTk2LDE2YTQwLDQwLDAsMSwwLTQwLTQwQTQwLDQwLDAsMCwwLDE3NiwxMjBabTAtNjRhMjQsMjQsMCwxLDEtMjQsMjRBMjQsMjQsMCwwLDEsMTc2LDU2Wk04MCwxMzZhNDAsNDAsMCwxLDAsNDAsNDBBNDAsNDAsMCwwLDAsODAsMTM2Wm0wLDY0YTI0LDI0LDAsMSwxLDI0LTI0QTI0LDI0LDAsMCwxLDgwLDIwMFptOTYtNjRhNDAsNDAsMCwxLDAsNDAsNDBBNDAsNDAsMCwwLDAsMTc2LDEzNlptMCw2NGEyNCwyNCwwLDEsMSwyNC0yNEEyNCwyNCwwLDAsMSwxNzYsMjAwWiI+PC9wYXRoPjwvc3ZnPg==\" alt=\"\" style=\"object-fit:cover\"\/><\/figure>\n\n\n\n<h3 class=\"wp-block-heading has-text-align-center\">Bezpiecze\u0144stwo i Prywatno\u015b\u0107<\/h3>\n\n\n\n<p class=\"has-text-align-center\">Nasze procedury gwarantuj\u0105 pe\u0142n\u0105 ochron\u0119 danych i komfort podczas ka\u017cdej podr\u00f3\u017cy.<\/p>\n<\/div>\n<\/div>\n<\/div>\n\n\n\n<div class=\"wp-block-column is-vertically-aligned-stretch is-layout-flow wp-container-core-column-is-layout-f5bb311e wp-block-column-is-layout-flow\">\n<div class=\"wp-block-group is-style-ext-preset--group--natural-1--item-card-1--align-center has-global-padding is-layout-constrained wp-block-group-is-layout-constrained is-style-ext-preset--group--natural-1--item-card-1--align-center--6\">\n<div class=\"wp-block-group is-style-default has-global-padding is-layout-constrained wp-block-group-is-layout-constrained\">\n<figure class=\"wp-block-image aligncenter size-large ext-aspect-landscape wp-duotone-primary-foreground\"><img decoding=\"async\" src=\"data:image\/svg+xml;base64,PHN2ZyB4bWxucz0iaHR0cDovL3d3dy53My5vcmcvMjAwMC9zdmciIHdpZHRoPSI0OCIgaGVpZ2h0PSI0OCIgZmlsbD0iIzAwMDAwMCIgdmlld0JveD0iMCAwIDI1NiAyNTYiPjxwYXRoIGQ9Ik04MCw0MGE0MCw0MCwwLDEsMCw0MCw0MEE0MCw0MCwwLDAsMCw4MCw0MFptMCw2NGEyNCwyNCwwLDEsMSwyNC0yNEEyNCwyNCwwLDAsMSw4MCwxMDRabTk2LDE2YTQwLDQwLDAsMSwwLTQwLTQwQTQwLDQwLDAsMCwwLDE3NiwxMjBabTAtNjRhMjQsMjQsMCwxLDEtMjQsMjRBMjQsMjQsMCwwLDEsMTc2LDU2Wk04MCwxMzZhNDAsNDAsMCwxLDAsNDAsNDBBNDAsNDAsMCwwLDAsODAsMTM2Wm0wLDY0YTI0LDI0LDAsMSwxLDI0LTI0QTI0LDI0LDAsMCwxLDgwLDIwMFptMTM2LTI0YTgsOCwwLDAsMS04LDhIMTg0djI0YTgsOCwwLDAsMS0xNiwwVjE4NEgxNDRhOCw4LDAsMCwxLDAtMTZoMjRWMTQ0YTgsOCwwLDAsMSwxNiwwdjI0aDI0QTgsOCwwLDAsMSwyMTYsMTc2WiI+PC9wYXRoPjwvc3ZnPg==\" alt=\"\" style=\"object-fit:cover\"\/><\/figure>\n\n\n\n<h3 class=\"wp-block-heading has-text-align-center\">Ekskluzywne Partnerstwa Kulturowe<\/h3>\n\n\n\n<p class=\"has-text-align-center\">Wsp\u00f3\u0142praca z czo\u0142owymi instytucjami sztuki i medi\u00f3w, wzbogacaj\u0105ca ka\u017cdy wyjazd o unikalne wydarzenia.<\/p>\n<\/div>\n<\/div>\n<\/div>\n<\/div>\n<\/div>","protected":false},"excerpt":{"rendered":"<p>Etruria Fairways: synonim luksusu i kultury Etruria Fairways&nbsp;to przestrze\u0144 stworzona dla os\u00f3b, kt\u00f3re oczekuj\u0105 od \u017cycia czego\u015b wi\u0119cej ni\u017c standardowych do\u015bwiadcze\u0144. To marka \u0142\u0105cz\u0105ca \u015bwiat luksusowych podr\u00f3\u017cy golfowych, kolekcjonerstwa sztuki oraz nowoczesnych medi\u00f3w w jedn\u0105, sp\u00f3jn\u0105 opowie\u015b\u0107 o stylu, presti\u017cu i pasji do pi\u0119kna. Specjalizujemy si\u0119 w organizacji ekskluzywnych wyjazd\u00f3w golfowych do Italii \u2014 kraju, [&hellip;]<\/p>\n","protected":false},"author":1,"featured_media":0,"parent":0,"menu_order":0,"comment_status":"closed","ping_status":"closed","template":"page-with-title","meta":{"footnotes":""},"class_list":["post-80","page","type-page","status-publish","hentry"],"aioseo_notices":[],"_links":{"self":[{"href":"https:\/\/etruriafairways.com\/en\/wp-json\/wp\/v2\/pages\/80","targetHints":{"allow":["GET"]}}],"collection":[{"href":"https:\/\/etruriafairways.com\/en\/wp-json\/wp\/v2\/pages"}],"about":[{"href":"https:\/\/etruriafairways.com\/en\/wp-json\/wp\/v2\/types\/page"}],"author":[{"embeddable":true,"href":"https:\/\/etruriafairways.com\/en\/wp-json\/wp\/v2\/users\/1"}],"replies":[{"embeddable":true,"href":"https:\/\/etruriafairways.com\/en\/wp-json\/wp\/v2\/comments?post=80"}],"version-history":[{"count":3,"href":"https:\/\/etruriafairways.com\/en\/wp-json\/wp\/v2\/pages\/80\/revisions"}],"predecessor-version":[{"id":127,"href":"https:\/\/etruriafairways.com\/en\/wp-json\/wp\/v2\/pages\/80\/revisions\/127"}],"wp:attachment":[{"href":"https:\/\/etruriafairways.com\/en\/wp-json\/wp\/v2\/media?parent=80"}],"curies":[{"name":"wp","href":"https:\/\/api.w.org\/{rel}","templated":true}]}}