{"id":18,"date":"2026-02-15T20:13:53","date_gmt":"2026-02-15T19:13:53","guid":{"rendered":"https:\/\/etruriafairways.com\/uslugi\/"},"modified":"2026-02-19T23:45:49","modified_gmt":"2026-02-19T22:45:49","slug":"art","status":"publish","type":"page","link":"https:\/\/etruriafairways.com\/en\/art\/","title":{"rendered":"Art&#038;Media"},"content":{"rendered":"<div class=\"wp-block-group alignfull is-style-ext-preset--group--natural-1--section has-tertiary-background-color has-background has-global-padding is-layout-constrained wp-container-core-group-is-layout-f72f1611 wp-block-group-is-layout-constrained\" id=\"galeria\" style=\"margin-top:0;margin-bottom:0;padding-top:var(--wp--preset--spacing--70);padding-bottom:var(--wp--preset--spacing--70)\">\n<div class=\"wp-block-group alignwide is-vertical is-layout-flex wp-container-core-group-is-layout-c35747d5 wp-block-group-is-layout-flex\">\n<div class=\"wp-block-group has-global-padding is-layout-constrained wp-container-core-group-is-layout-5e05634a wp-block-group-is-layout-constrained\">\n<h2 class=\"wp-block-heading\">Wymiar sztuki totalnej<\/h2>\n\n\n\n<p class=\"has-text-align-left\">Art&amp;Media stanowi przestrze\u0144, w kt\u00f3rej sztuka przekracza granice formy i czasu, \u0142\u0105cz\u0105c klasyczne dziedzictwo z j\u0119zykiem wsp\u00f3\u0142czesnych technologii. To dialog tradycji z innowacj\u0105 \u2014 wizualny, immersyjny i wieloformatowy \u2014 zaprojektowany tak, by odbiorca nie tylko obserwowa\u0142, lecz do\u015bwiadcza\u0142. Realizowane przez nas koncepcje, takie jak <em>7 Senses<\/em> czy <em>Space Art<\/em>, przekszta\u0142caj\u0105 wydarzenia w zmys\u0142owe narracje, w kt\u00f3rych obraz, \u015bwiat\u0142o, d\u017awi\u0119k i przestrze\u0144 tworz\u0105 jedn\u0105, sp\u00f3jn\u0105 kompozycj\u0119. Ka\u017cdy projekt jest autorskim spektaklem percepcji, gdzie sztuka staje si\u0119 \u015brodowiskiem, a nie obiektem. To estetyka przysz\u0142o\u015bci zakorzeniona w szacunku dla przesz\u0142o\u015bci. Przestrze\u0144, w kt\u00f3rej wyobra\u017ania przybiera form\u0119 do\u015bwiadczenia.<\/p>\n<\/div>\n<\/div>\n\n\n\n<div class=\"wp-block-columns alignwide is-layout-flex wp-container-core-columns-is-layout-87beb0d0 wp-block-columns-is-layout-flex\">\n<div class=\"wp-block-column is-vertically-aligned-top is-layout-flow wp-container-core-column-is-layout-f5bb311e wp-block-column-is-layout-flow\">\n<figure class=\"wp-block-image size-full is-style-ext-preset--image--natural-1--image-1--content-bottom is-style-ext-preset--image--natural-1--image-1--content-bottom--2\"><img loading=\"lazy\" decoding=\"async\" width=\"1024\" height=\"1024\" src=\"https:\/\/etruriafairways.com\/wp-content\/uploads\/2026\/02\/6c61398c-e13b-4722-8ae0-cc9e24fbc7cb-\u2013-ze-zmianami.jpeg\" alt=\"\" class=\"wp-image-241\" style=\"aspect-ratio:1;object-fit:cover\" srcset=\"https:\/\/etruriafairways.com\/wp-content\/uploads\/2026\/02\/6c61398c-e13b-4722-8ae0-cc9e24fbc7cb-\u2013-ze-zmianami.jpeg 1024w, https:\/\/etruriafairways.com\/wp-content\/uploads\/2026\/02\/6c61398c-e13b-4722-8ae0-cc9e24fbc7cb-\u2013-ze-zmianami-300x300.jpeg 300w, https:\/\/etruriafairways.com\/wp-content\/uploads\/2026\/02\/6c61398c-e13b-4722-8ae0-cc9e24fbc7cb-\u2013-ze-zmianami-150x150.jpeg 150w, https:\/\/etruriafairways.com\/wp-content\/uploads\/2026\/02\/6c61398c-e13b-4722-8ae0-cc9e24fbc7cb-\u2013-ze-zmianami-768x768.jpeg 768w, https:\/\/etruriafairways.com\/wp-content\/uploads\/2026\/02\/6c61398c-e13b-4722-8ae0-cc9e24fbc7cb-\u2013-ze-zmianami-12x12.jpeg 12w\" sizes=\"auto, (max-width: 1024px) 100vw, 1024px\" \/><\/figure>\n\n\n\n<figure class=\"wp-block-image size-large is-style-ext-preset--image--natural-1--image-1--content-right is-style-ext-preset--image--natural-1--image-1--content-right--3\"><img loading=\"lazy\" decoding=\"async\" width=\"768\" height=\"1024\" src=\"https:\/\/etruriafairways.com\/wp-content\/uploads\/2026\/02\/e65c4b43-e86a-43a9-ad4c-1206cf4dec1f-768x1024.jpg\" alt=\"\" class=\"wp-image-244\" style=\"aspect-ratio:4\/3;object-fit:cover\" srcset=\"https:\/\/etruriafairways.com\/wp-content\/uploads\/2026\/02\/e65c4b43-e86a-43a9-ad4c-1206cf4dec1f-768x1024.jpg 768w, https:\/\/etruriafairways.com\/wp-content\/uploads\/2026\/02\/e65c4b43-e86a-43a9-ad4c-1206cf4dec1f-225x300.jpg 225w, https:\/\/etruriafairways.com\/wp-content\/uploads\/2026\/02\/e65c4b43-e86a-43a9-ad4c-1206cf4dec1f-1152x1536.jpg 1152w, https:\/\/etruriafairways.com\/wp-content\/uploads\/2026\/02\/e65c4b43-e86a-43a9-ad4c-1206cf4dec1f-9x12.jpg 9w, https:\/\/etruriafairways.com\/wp-content\/uploads\/2026\/02\/e65c4b43-e86a-43a9-ad4c-1206cf4dec1f.jpg 1536w\" sizes=\"auto, (max-width: 768px) 100vw, 768px\" \/><\/figure>\n<\/div>\n\n\n\n<div class=\"wp-block-column is-vertically-aligned-top is-layout-flow wp-container-core-column-is-layout-f5bb311e wp-block-column-is-layout-flow\">\n<figure class=\"wp-block-image size-large is-style-ext-preset--image--natural-1--image-1--content-left is-style-ext-preset--image--natural-1--image-1--content-left--4\"><img loading=\"lazy\" decoding=\"async\" width=\"1024\" height=\"1024\" src=\"https:\/\/etruriafairways.com\/wp-content\/uploads\/2026\/02\/760dc655-e86d-4b19-a0a8-626f094421c7-\u2013-ze-zmianami-1024x1024.jpeg\" alt=\"\" class=\"wp-image-242\" style=\"aspect-ratio:4\/3;object-fit:cover\" srcset=\"https:\/\/etruriafairways.com\/wp-content\/uploads\/2026\/02\/760dc655-e86d-4b19-a0a8-626f094421c7-\u2013-ze-zmianami-1024x1024.jpeg 1024w, https:\/\/etruriafairways.com\/wp-content\/uploads\/2026\/02\/760dc655-e86d-4b19-a0a8-626f094421c7-\u2013-ze-zmianami-300x300.jpeg 300w, https:\/\/etruriafairways.com\/wp-content\/uploads\/2026\/02\/760dc655-e86d-4b19-a0a8-626f094421c7-\u2013-ze-zmianami-150x150.jpeg 150w, https:\/\/etruriafairways.com\/wp-content\/uploads\/2026\/02\/760dc655-e86d-4b19-a0a8-626f094421c7-\u2013-ze-zmianami-768x768.jpeg 768w, https:\/\/etruriafairways.com\/wp-content\/uploads\/2026\/02\/760dc655-e86d-4b19-a0a8-626f094421c7-\u2013-ze-zmianami-12x12.jpeg 12w, https:\/\/etruriafairways.com\/wp-content\/uploads\/2026\/02\/760dc655-e86d-4b19-a0a8-626f094421c7-\u2013-ze-zmianami.jpeg 1536w\" sizes=\"auto, (max-width: 1024px) 100vw, 1024px\" \/><\/figure>\n\n\n\n<figure class=\"wp-block-image size-full is-style-ext-preset--image--natural-1--image-1--content-left is-style-ext-preset--image--natural-1--image-1--content-left--5\"><img loading=\"lazy\" decoding=\"async\" width=\"1024\" height=\"1024\" src=\"https:\/\/etruriafairways.com\/wp-content\/uploads\/2026\/02\/cd27eaff-2c0e-4165-9934-75063f823015-\u2013-ze-zmianami.jpeg\" alt=\"\" class=\"wp-image-246\" style=\"aspect-ratio:1;object-fit:cover\" srcset=\"https:\/\/etruriafairways.com\/wp-content\/uploads\/2026\/02\/cd27eaff-2c0e-4165-9934-75063f823015-\u2013-ze-zmianami.jpeg 1024w, https:\/\/etruriafairways.com\/wp-content\/uploads\/2026\/02\/cd27eaff-2c0e-4165-9934-75063f823015-\u2013-ze-zmianami-300x300.jpeg 300w, https:\/\/etruriafairways.com\/wp-content\/uploads\/2026\/02\/cd27eaff-2c0e-4165-9934-75063f823015-\u2013-ze-zmianami-150x150.jpeg 150w, https:\/\/etruriafairways.com\/wp-content\/uploads\/2026\/02\/cd27eaff-2c0e-4165-9934-75063f823015-\u2013-ze-zmianami-768x768.jpeg 768w, https:\/\/etruriafairways.com\/wp-content\/uploads\/2026\/02\/cd27eaff-2c0e-4165-9934-75063f823015-\u2013-ze-zmianami-12x12.jpeg 12w\" sizes=\"auto, (max-width: 1024px) 100vw, 1024px\" \/><\/figure>\n<\/div>\n<\/div>\n<\/div>\n\n\n\n<div class=\"wp-block-group alignfull is-style-ext-preset--group--natural-1--section has-background-background-color has-background has-global-padding is-layout-constrained wp-container-core-group-is-layout-e955bbaf wp-block-group-is-layout-constrained\" style=\"margin-top:0;margin-bottom:0;padding-top:var(--wp--preset--spacing--70);padding-bottom:var(--wp--preset--spacing--70)\">\n<div class=\"wp-block-group alignwide is-vertical is-content-justification-center is-layout-flex wp-container-core-group-is-layout-c9ee0c5a wp-block-group-is-layout-flex\">\n<div class=\"wp-block-group has-global-padding is-layout-constrained wp-container-core-group-is-layout-5e05634a wp-block-group-is-layout-constrained\">\n<h2 class=\"wp-block-heading has-text-align-center\"><strong>\u015awiat sztuki, wizji i immersyjnych do\u015bwiadcze\u0144<\/strong><\/h2>\n\n\n\n<p class=\"has-text-align-center\">Etruria Fairways Art&amp;Media to przestrze\u0144, w kt\u00f3rej klasyczne dziedzictwo spotyka j\u0119zyk nowych technologii, tworz\u0105c projekty przekraczaj\u0105ce granice tradycyjnej percepcji.<\/p>\n<\/div>\n<\/div>\n\n\n\n<div class=\"wp-block-columns alignwide is-layout-flex wp-container-core-columns-is-layout-08c01c1c wp-block-columns-is-layout-flex\">\n<div class=\"wp-block-column is-vertically-aligned-stretch is-layout-flow wp-container-core-column-is-layout-f5bb311e wp-block-column-is-layout-flow\">\n<div class=\"wp-block-group is-style-ext-preset--group--natural-1--item-card-1--align-center has-global-padding is-layout-constrained wp-block-group-is-layout-constrained is-style-ext-preset--group--natural-1--item-card-1--align-center--7\">\n<div class=\"wp-block-group is-style-default has-global-padding is-layout-constrained wp-block-group-is-layout-constrained\">\n<figure class=\"wp-block-image aligncenter size-large ext-aspect-landscape wp-duotone-primary-foreground\"><img decoding=\"async\" src=\"data:image\/svg+xml;base64,PHN2ZyB4bWxucz0iaHR0cDovL3d3dy53My5vcmcvMjAwMC9zdmciIHdpZHRoPSI0OCIgaGVpZ2h0PSI0OCIgZmlsbD0iIzAwMDAwMCIgdmlld0JveD0iMCAwIDI1NiAyNTYiPjxwYXRoIGQ9Ik0xNzIsNzZhNDQsNDQsMCwxLDAtNDQsNDRBNDQuMDUsNDQuMDUsMCwwLDAsMTcyLDc2Wm0tNDQsMjhhMjgsMjgsMCwxLDEsMjgtMjhBMjgsMjgsMCwwLDEsMTI4LDEwNFptNjAsMjRhNDQsNDQsMCwxLDAsNDQsNDRBNDQuMDUsNDQuMDUsMCwwLDAsMTg4LDEyOFptMCw3MmEyOCwyOCwwLDEsMSwyOC0yOEEyOCwyOCwwLDAsMSwxODgsMjAwWk02OCwxMjhhNDQsNDQsMCwxLDAsNDQsNDRBNDQuMDUsNDQuMDUsMCwwLDAsNjgsMTI4Wm0wLDcyYTI4LDI4LDAsMSwxLDI4LTI4QTI4LDI4LDAsMCwxLDY4LDIwMFoiPjwvcGF0aD48L3N2Zz4=\" alt=\"\" style=\"object-fit:cover\"\/><\/figure>\n\n\n\n<h3 class=\"wp-block-heading has-text-align-center\">Artystyczne koncepcje o wyj\u0105tkowym charakterze<\/h3>\n\n\n\n<p class=\"has-text-align-center\">Realizujemy autorskie formaty wydarze\u0144, w kt\u00f3rych sztuka wizualna, \u015bwiat\u0142o, d\u017awi\u0119k i przestrze\u0144 splataj\u0105 si\u0119 w wielowymiarowe narracje anga\u017cuj\u0105ce zmys\u0142y i emocje.<\/p>\n<\/div>\n<\/div>\n<\/div>\n\n\n\n<div class=\"wp-block-column is-vertically-aligned-stretch is-layout-flow wp-container-core-column-is-layout-f5bb311e wp-block-column-is-layout-flow\">\n<div class=\"wp-block-group is-style-ext-preset--group--natural-1--item-card-1--align-center has-global-padding is-layout-constrained wp-block-group-is-layout-constrained is-style-ext-preset--group--natural-1--item-card-1--align-center--8\">\n<div class=\"wp-block-group is-style-default has-global-padding is-layout-constrained wp-block-group-is-layout-constrained\">\n<figure class=\"wp-block-image aligncenter size-large ext-aspect-landscape wp-duotone-primary-foreground\"><img decoding=\"async\" src=\"data:image\/svg+xml;base64,PHN2ZyB4bWxucz0iaHR0cDovL3d3dy53My5vcmcvMjAwMC9zdmciIHdpZHRoPSI0OCIgaGVpZ2h0PSI0OCIgZmlsbD0iIzAwMDAwMCIgdmlld0JveD0iMCAwIDI1NiAyNTYiPjxwYXRoIGQ9Ik04MCw0MGE0MCw0MCwwLDEsMCw0MCw0MEE0MCw0MCwwLDAsMCw4MCw0MFptMCw2NGEyNCwyNCwwLDEsMSwyNC0yNEEyNCwyNCwwLDAsMSw4MCwxMDRabTk2LDE2YTQwLDQwLDAsMSwwLTQwLTQwQTQwLDQwLDAsMCwwLDE3NiwxMjBabTAtNjRhMjQsMjQsMCwxLDEtMjQsMjRBMjQsMjQsMCwwLDEsMTc2LDU2Wk04MCwxMzZhNDAsNDAsMCwxLDAsNDAsNDBBNDAsNDAsMCwwLDAsODAsMTM2Wm0wLDY0YTI0LDI0LDAsMSwxLDI0LTI0QTI0LDI0LDAsMCwxLDgwLDIwMFptOTYtNjRhNDAsNDAsMCwxLDAsNDAsNDBBNDAsNDAsMCwwLDAsMTc2LDEzNlptMCw2NGEyNCwyNCwwLDEsMSwyNC0yNEEyNCwyNCwwLDAsMSwxNzYsMjAwWiI+PC9wYXRoPjwvc3ZnPg==\" alt=\"\" style=\"object-fit:cover\"\/><\/figure>\n\n\n\n<h3 class=\"wp-block-heading has-text-align-center\">Nowe formy dialogu sztuki i technologii<\/h3>\n\n\n\n<p><\/p>\n\n\n\n<p class=\"has-text-align-center\">\u0141\u0105czymy tradycyjne \u015brodki wyrazu z nowymi mediami, tworz\u0105c do\u015bwiadczenia, kt\u00f3re redefiniuj\u0105 spos\u00f3b odbioru sztuki i pozwalaj\u0105 prze\u017cywa\u0107 j\u0105 w spos\u00f3b intensywny, wsp\u00f3\u0142czesny i osobisty.<\/p>\n<\/div>\n<\/div>\n<\/div>\n\n\n\n<div class=\"wp-block-column is-vertically-aligned-stretch is-layout-flow wp-container-core-column-is-layout-f5bb311e wp-block-column-is-layout-flow\">\n<div class=\"wp-block-group is-style-ext-preset--group--natural-1--item-card-1--align-center has-global-padding is-layout-constrained wp-block-group-is-layout-constrained is-style-ext-preset--group--natural-1--item-card-1--align-center--9\">\n<div class=\"wp-block-group is-style-default has-global-padding is-layout-constrained wp-block-group-is-layout-constrained\">\n<figure class=\"wp-block-image aligncenter size-large ext-aspect-landscape wp-duotone-primary-foreground\"><img decoding=\"async\" src=\"data:image\/svg+xml;base64,PHN2ZyB4bWxucz0iaHR0cDovL3d3dy53My5vcmcvMjAwMC9zdmciIHdpZHRoPSI0OCIgaGVpZ2h0PSI0OCIgZmlsbD0iIzAwMDAwMCIgdmlld0JveD0iMCAwIDI1NiAyNTYiPjxwYXRoIGQ9Ik04MCw0MGE0MCw0MCwwLDEsMCw0MCw0MEE0MCw0MCwwLDAsMCw4MCw0MFptMCw2NGEyNCwyNCwwLDEsMSwyNC0yNEEyNCwyNCwwLDAsMSw4MCwxMDRabTk2LDE2YTQwLDQwLDAsMSwwLTQwLTQwQTQwLDQwLDAsMCwwLDE3NiwxMjBabTAtNjRhMjQsMjQsMCwxLDEtMjQsMjRBMjQsMjQsMCwwLDEsMTc2LDU2Wk04MCwxMzZhNDAsNDAsMCwxLDAsNDAsNDBBNDAsNDAsMCwwLDAsODAsMTM2Wm0wLDY0YTI0LDI0LDAsMSwxLDI0LTI0QTI0LDI0LDAsMCwxLDgwLDIwMFptMTM2LTI0YTgsOCwwLDAsMS04LDhIMTg0djI0YTgsOCwwLDAsMS0xNiwwVjE4NEgxNDRhOCw4LDAsMCwxLDAtMTZoMjRWMTQ0YTgsOCwwLDAsMSwxNiwwdjI0aDI0QTgsOCwwLDAsMSwyMTYsMTc2WiI+PC9wYXRoPjwvc3ZnPg==\" alt=\"\" style=\"object-fit:cover\"\/><\/figure>\n\n\n\n<h3 class=\"wp-block-heading has-text-align-center\">Kultura jako do\u015bwiadczenie \u0142\u0105cz\u0105ce ludzi<\/h3>\n\n\n\n<p class=\"has-text-align-center\">Ka\u017cdy projekt staje si\u0119 \u015brodowiskiem dozna\u0144 \u2014 zaprojektowanym tak, aby odbiorca nie tylko patrzy\u0142, lecz w pe\u0142ni uczestniczy\u0142 w \u015bwiecie formy, \u015bwiat\u0142a i wyobra\u017ani.<\/p>\n<\/div>\n<\/div>\n<\/div>\n<\/div>\n\n\n\n<div class=\"wp-block-buttons is-content-justification-center is-layout-flex wp-container-core-buttons-is-layout-a89b3969 wp-block-buttons-is-layout-flex\"><\/div>\n<\/div>","protected":false},"excerpt":{"rendered":"<p>Wymiar sztuki totalnej Art&amp;Media stanowi przestrze\u0144, w kt\u00f3rej sztuka przekracza granice formy i czasu, \u0142\u0105cz\u0105c klasyczne dziedzictwo z j\u0119zykiem wsp\u00f3\u0142czesnych technologii. To dialog tradycji z innowacj\u0105 \u2014 wizualny, immersyjny i wieloformatowy \u2014 zaprojektowany tak, by odbiorca nie tylko obserwowa\u0142, lecz do\u015bwiadcza\u0142. Realizowane przez nas koncepcje, takie jak 7 Senses czy Space Art, przekszta\u0142caj\u0105 wydarzenia w [&hellip;]<\/p>\n","protected":false},"author":1,"featured_media":0,"parent":0,"menu_order":0,"comment_status":"closed","ping_status":"closed","template":"page-with-title","meta":{"footnotes":""},"class_list":["post-18","page","type-page","status-publish","hentry"],"aioseo_notices":[],"_links":{"self":[{"href":"https:\/\/etruriafairways.com\/en\/wp-json\/wp\/v2\/pages\/18","targetHints":{"allow":["GET"]}}],"collection":[{"href":"https:\/\/etruriafairways.com\/en\/wp-json\/wp\/v2\/pages"}],"about":[{"href":"https:\/\/etruriafairways.com\/en\/wp-json\/wp\/v2\/types\/page"}],"author":[{"embeddable":true,"href":"https:\/\/etruriafairways.com\/en\/wp-json\/wp\/v2\/users\/1"}],"replies":[{"embeddable":true,"href":"https:\/\/etruriafairways.com\/en\/wp-json\/wp\/v2\/comments?post=18"}],"version-history":[{"count":8,"href":"https:\/\/etruriafairways.com\/en\/wp-json\/wp\/v2\/pages\/18\/revisions"}],"predecessor-version":[{"id":251,"href":"https:\/\/etruriafairways.com\/en\/wp-json\/wp\/v2\/pages\/18\/revisions\/251"}],"wp:attachment":[{"href":"https:\/\/etruriafairways.com\/en\/wp-json\/wp\/v2\/media?parent=18"}],"curies":[{"name":"wp","href":"https:\/\/api.w.org\/{rel}","templated":true}]}}