{"id":17,"date":"2026-02-15T20:13:52","date_gmt":"2026-02-15T19:13:52","guid":{"rendered":"https:\/\/etruriafairways.com\/portfolio\/"},"modified":"2026-02-19T22:42:49","modified_gmt":"2026-02-19T21:42:49","slug":"fundacja","status":"publish","type":"page","link":"https:\/\/etruriafairways.com\/en\/fundacja\/","title":{"rendered":"Etruria Mundi"},"content":{"rendered":"<div class=\"wp-block-group alignfull is-style-ext-preset--group--natural-1--section has-tertiary-background-color has-background has-global-padding is-layout-constrained wp-container-core-group-is-layout-f72f1611 wp-block-group-is-layout-constrained\" id=\"galeria\" style=\"margin-top:0;margin-bottom:0;padding-top:var(--wp--preset--spacing--70);padding-bottom:var(--wp--preset--spacing--70)\">\n<div class=\"wp-block-group alignwide is-vertical is-layout-flex wp-container-core-group-is-layout-c35747d5 wp-block-group-is-layout-flex\">\n<div class=\"wp-block-group has-global-padding is-layout-constrained wp-container-core-group-is-layout-5e05634a wp-block-group-is-layout-constrained\">\n<h2 class=\"wp-block-heading\">Tworzymy przestrze\u0144 dla idei i pi\u0119kna<\/h2>\n\n\n\n<p class=\"has-text-align-left\">Fundacja Etruria Mundi powsta\u0142a, aby tw\u00f3rczo \u0142\u0105czy\u0107 sztuk\u0119, kultur\u0119, sport i podr\u00f3\u017cowanie w projekty o wymiarze mi\u0119dzynarodowym, otwieraj\u0105ce nowe przestrzenie dialogu i inspiracji. Jej misj\u0105 jest wspieranie innowacyjnych inicjatyw artystycznych, wydarze\u0144 i program\u00f3w edukacyjnych, kt\u00f3re pozwalaj\u0105 odkrywa\u0107 dziedzictwo w \u015bwie\u017cy, nieoczywisty spos\u00f3b. Poprzez te dzia\u0142ania fundacja buduje mosty mi\u0119dzy lud\u017ami, ideami i tradycjami, wzmacniaj\u0105c dost\u0119p do kultury oraz jej ponadczasow\u0105 warto\u015b\u0107.<\/p>\n<\/div>\n<\/div>\n\n\n\n<div class=\"wp-block-columns alignwide is-layout-flex wp-container-core-columns-is-layout-87beb0d0 wp-block-columns-is-layout-flex\">\n<div class=\"wp-block-column is-vertically-aligned-top is-layout-flow wp-container-core-column-is-layout-f5bb311e wp-block-column-is-layout-flow\">\n<figure class=\"wp-block-image size-large is-style-ext-preset--image--natural-1--image-1--content-bottom is-style-ext-preset--image--natural-1--image-1--content-bottom--2\"><img loading=\"lazy\" decoding=\"async\" width=\"1024\" height=\"1024\" src=\"https:\/\/etruriafairways.com\/wp-content\/uploads\/2026\/02\/2895e2e1-254b-4723-a60e-bb55091a8481-\u2013-ze-zmianami-1024x1024.jpeg\" alt=\"\" class=\"wp-image-200\" style=\"aspect-ratio:1;object-fit:cover\" srcset=\"https:\/\/etruriafairways.com\/wp-content\/uploads\/2026\/02\/2895e2e1-254b-4723-a60e-bb55091a8481-\u2013-ze-zmianami-1024x1024.jpeg 1024w, https:\/\/etruriafairways.com\/wp-content\/uploads\/2026\/02\/2895e2e1-254b-4723-a60e-bb55091a8481-\u2013-ze-zmianami-300x300.jpeg 300w, https:\/\/etruriafairways.com\/wp-content\/uploads\/2026\/02\/2895e2e1-254b-4723-a60e-bb55091a8481-\u2013-ze-zmianami-150x150.jpeg 150w, https:\/\/etruriafairways.com\/wp-content\/uploads\/2026\/02\/2895e2e1-254b-4723-a60e-bb55091a8481-\u2013-ze-zmianami-768x768.jpeg 768w, https:\/\/etruriafairways.com\/wp-content\/uploads\/2026\/02\/2895e2e1-254b-4723-a60e-bb55091a8481-\u2013-ze-zmianami-12x12.jpeg 12w, https:\/\/etruriafairways.com\/wp-content\/uploads\/2026\/02\/2895e2e1-254b-4723-a60e-bb55091a8481-\u2013-ze-zmianami.jpeg 1536w\" sizes=\"auto, (max-width: 1024px) 100vw, 1024px\" \/><\/figure>\n\n\n\n<figure class=\"wp-block-image size-large is-style-ext-preset--image--natural-1--image-1--content-right is-style-ext-preset--image--natural-1--image-1--content-right--3\"><img loading=\"lazy\" decoding=\"async\" width=\"1024\" height=\"1024\" src=\"https:\/\/etruriafairways.com\/wp-content\/uploads\/2026\/02\/ee80aba6-f92a-4256-91aa-245204cdca6f-\u2013-ze-zmianami-1024x1024.jpeg\" alt=\"\" class=\"wp-image-203\" style=\"aspect-ratio:4\/3;object-fit:cover\" srcset=\"https:\/\/etruriafairways.com\/wp-content\/uploads\/2026\/02\/ee80aba6-f92a-4256-91aa-245204cdca6f-\u2013-ze-zmianami-1024x1024.jpeg 1024w, https:\/\/etruriafairways.com\/wp-content\/uploads\/2026\/02\/ee80aba6-f92a-4256-91aa-245204cdca6f-\u2013-ze-zmianami-300x300.jpeg 300w, https:\/\/etruriafairways.com\/wp-content\/uploads\/2026\/02\/ee80aba6-f92a-4256-91aa-245204cdca6f-\u2013-ze-zmianami-150x150.jpeg 150w, https:\/\/etruriafairways.com\/wp-content\/uploads\/2026\/02\/ee80aba6-f92a-4256-91aa-245204cdca6f-\u2013-ze-zmianami-768x768.jpeg 768w, https:\/\/etruriafairways.com\/wp-content\/uploads\/2026\/02\/ee80aba6-f92a-4256-91aa-245204cdca6f-\u2013-ze-zmianami-12x12.jpeg 12w, https:\/\/etruriafairways.com\/wp-content\/uploads\/2026\/02\/ee80aba6-f92a-4256-91aa-245204cdca6f-\u2013-ze-zmianami.jpeg 1536w\" sizes=\"auto, (max-width: 1024px) 100vw, 1024px\" \/><\/figure>\n<\/div>\n\n\n\n<div class=\"wp-block-column is-vertically-aligned-top is-layout-flow wp-container-core-column-is-layout-f5bb311e wp-block-column-is-layout-flow\">\n<figure class=\"wp-block-image size-large is-style-ext-preset--image--natural-1--image-1--content-left is-style-ext-preset--image--natural-1--image-1--content-left--4\"><img loading=\"lazy\" decoding=\"async\" width=\"1024\" height=\"1024\" src=\"https:\/\/etruriafairways.com\/wp-content\/uploads\/2026\/02\/8b64c19d-4a70-42c9-8a40-aed522108082-\u2013-ze-zmianami-1024x1024.jpeg\" alt=\"\" class=\"wp-image-201\" style=\"aspect-ratio:4\/3;object-fit:cover\" srcset=\"https:\/\/etruriafairways.com\/wp-content\/uploads\/2026\/02\/8b64c19d-4a70-42c9-8a40-aed522108082-\u2013-ze-zmianami-1024x1024.jpeg 1024w, https:\/\/etruriafairways.com\/wp-content\/uploads\/2026\/02\/8b64c19d-4a70-42c9-8a40-aed522108082-\u2013-ze-zmianami-300x300.jpeg 300w, https:\/\/etruriafairways.com\/wp-content\/uploads\/2026\/02\/8b64c19d-4a70-42c9-8a40-aed522108082-\u2013-ze-zmianami-150x150.jpeg 150w, https:\/\/etruriafairways.com\/wp-content\/uploads\/2026\/02\/8b64c19d-4a70-42c9-8a40-aed522108082-\u2013-ze-zmianami-768x768.jpeg 768w, https:\/\/etruriafairways.com\/wp-content\/uploads\/2026\/02\/8b64c19d-4a70-42c9-8a40-aed522108082-\u2013-ze-zmianami-12x12.jpeg 12w, https:\/\/etruriafairways.com\/wp-content\/uploads\/2026\/02\/8b64c19d-4a70-42c9-8a40-aed522108082-\u2013-ze-zmianami.jpeg 1131w\" sizes=\"auto, (max-width: 1024px) 100vw, 1024px\" \/><\/figure>\n\n\n\n<figure class=\"wp-block-image size-large is-style-ext-preset--image--natural-1--image-1--content-left is-style-ext-preset--image--natural-1--image-1--content-left--5\"><img loading=\"lazy\" decoding=\"async\" width=\"1024\" height=\"1024\" src=\"https:\/\/etruriafairways.com\/wp-content\/uploads\/2026\/02\/baf59527-14ba-42eb-86b5-1641954bb488-\u2013-ze-zmianami-1-1024x1024.jpeg\" alt=\"\" class=\"wp-image-204\" style=\"aspect-ratio:1;object-fit:cover\" srcset=\"https:\/\/etruriafairways.com\/wp-content\/uploads\/2026\/02\/baf59527-14ba-42eb-86b5-1641954bb488-\u2013-ze-zmianami-1-1024x1024.jpeg 1024w, https:\/\/etruriafairways.com\/wp-content\/uploads\/2026\/02\/baf59527-14ba-42eb-86b5-1641954bb488-\u2013-ze-zmianami-1-300x300.jpeg 300w, https:\/\/etruriafairways.com\/wp-content\/uploads\/2026\/02\/baf59527-14ba-42eb-86b5-1641954bb488-\u2013-ze-zmianami-1-150x150.jpeg 150w, https:\/\/etruriafairways.com\/wp-content\/uploads\/2026\/02\/baf59527-14ba-42eb-86b5-1641954bb488-\u2013-ze-zmianami-1-768x768.jpeg 768w, https:\/\/etruriafairways.com\/wp-content\/uploads\/2026\/02\/baf59527-14ba-42eb-86b5-1641954bb488-\u2013-ze-zmianami-1-12x12.jpeg 12w, https:\/\/etruriafairways.com\/wp-content\/uploads\/2026\/02\/baf59527-14ba-42eb-86b5-1641954bb488-\u2013-ze-zmianami-1.jpeg 1280w\" sizes=\"auto, (max-width: 1024px) 100vw, 1024px\" \/><\/figure>\n<\/div>\n<\/div>\n<\/div>\n\n\n\n<div class=\"wp-block-group alignfull is-style-ext-preset--group--natural-1--section has-background-background-color has-background has-global-padding is-layout-constrained wp-container-core-group-is-layout-e955bbaf wp-block-group-is-layout-constrained\" style=\"margin-top:0;margin-bottom:0;padding-top:var(--wp--preset--spacing--70);padding-bottom:var(--wp--preset--spacing--70)\">\n<div class=\"wp-block-group alignwide is-vertical is-content-justification-center is-layout-flex wp-container-core-group-is-layout-c9ee0c5a wp-block-group-is-layout-flex\">\n<div class=\"wp-block-group has-global-padding is-layout-constrained wp-container-core-group-is-layout-5e05634a wp-block-group-is-layout-constrained\">\n<h2 class=\"wp-block-heading has-text-align-center\"><strong>\u015awiat kultury, idei i ponadczasowych inspiracji<\/strong><\/h2>\n\n\n\n<p class=\"has-text-align-center\">Fundacja Etruria Mundi inicjuje projekty, kt\u00f3re \u0142\u0105cz\u0105 sztuk\u0119, dziedzictwo i wsp\u00f3\u0142czesn\u0105 wizj\u0119 \u015bwiata, buduj\u0105c dialog mi\u0119dzy tradycj\u0105 a nowoczesno\u015bci\u0105.<\/p>\n<\/div>\n<\/div>\n\n\n\n<div class=\"wp-block-columns alignwide is-layout-flex wp-container-core-columns-is-layout-08c01c1c wp-block-columns-is-layout-flex\">\n<div class=\"wp-block-column is-vertically-aligned-stretch is-layout-flow wp-container-core-column-is-layout-f5bb311e wp-block-column-is-layout-flow\">\n<div class=\"wp-block-group is-style-ext-preset--group--natural-1--item-card-1--align-center has-global-padding is-layout-constrained wp-block-group-is-layout-constrained is-style-ext-preset--group--natural-1--item-card-1--align-center--7\">\n<div class=\"wp-block-group is-style-default has-global-padding is-layout-constrained wp-block-group-is-layout-constrained\">\n<figure class=\"wp-block-image aligncenter size-large ext-aspect-landscape wp-duotone-primary-foreground\"><img decoding=\"async\" src=\"data:image\/svg+xml;base64,PHN2ZyB4bWxucz0iaHR0cDovL3d3dy53My5vcmcvMjAwMC9zdmciIHdpZHRoPSI0OCIgaGVpZ2h0PSI0OCIgZmlsbD0iIzAwMDAwMCIgdmlld0JveD0iMCAwIDI1NiAyNTYiPjxwYXRoIGQ9Ik0xNzIsNzZhNDQsNDQsMCwxLDAtNDQsNDRBNDQuMDUsNDQuMDUsMCwwLDAsMTcyLDc2Wm0tNDQsMjhhMjgsMjgsMCwxLDEsMjgtMjhBMjgsMjgsMCwwLDEsMTI4LDEwNFptNjAsMjRhNDQsNDQsMCwxLDAsNDQsNDRBNDQuMDUsNDQuMDUsMCwwLDAsMTg4LDEyOFptMCw3MmEyOCwyOCwwLDEsMSwyOC0yOEEyOCwyOCwwLDAsMSwxODgsMjAwWk02OCwxMjhhNDQsNDQsMCwxLDAsNDQsNDRBNDQuMDUsNDQuMDUsMCwwLDAsNjgsMTI4Wm0wLDcyYTI4LDI4LDAsMSwxLDI4LTI4QTI4LDI4LDAsMCwxLDY4LDIwMFoiPjwvcGF0aD48L3N2Zz4=\" alt=\"\" style=\"object-fit:cover\"\/><\/figure>\n\n\n\n<h3 class=\"wp-block-heading has-text-align-center\">Artystyczne inicjatywy o mi\u0119dzynarodowym zasi\u0119gu<\/h3>\n\n\n\n<p class=\"has-text-align-center\">Realizujemy projekty, kt\u00f3re przekraczaj\u0105 granice geograficzne i dziedzin, tworz\u0105c przestrze\u0144 wsp\u00f3\u0142pracy dla tw\u00f3rc\u00f3w, instytucji i odbiorc\u00f3w kultury.<\/p>\n<\/div>\n<\/div>\n<\/div>\n\n\n\n<div class=\"wp-block-column is-vertically-aligned-stretch is-layout-flow wp-container-core-column-is-layout-f5bb311e wp-block-column-is-layout-flow\">\n<div class=\"wp-block-group is-style-ext-preset--group--natural-1--item-card-1--align-center has-global-padding is-layout-constrained wp-block-group-is-layout-constrained is-style-ext-preset--group--natural-1--item-card-1--align-center--8\">\n<div class=\"wp-block-group is-style-default has-global-padding is-layout-constrained wp-block-group-is-layout-constrained\">\n<figure class=\"wp-block-image aligncenter size-large ext-aspect-landscape wp-duotone-primary-foreground\"><img decoding=\"async\" src=\"data:image\/svg+xml;base64,PHN2ZyB4bWxucz0iaHR0cDovL3d3dy53My5vcmcvMjAwMC9zdmciIHdpZHRoPSI0OCIgaGVpZ2h0PSI0OCIgZmlsbD0iIzAwMDAwMCIgdmlld0JveD0iMCAwIDI1NiAyNTYiPjxwYXRoIGQ9Ik04MCw0MGE0MCw0MCwwLDEsMCw0MCw0MEE0MCw0MCwwLDAsMCw4MCw0MFptMCw2NGEyNCwyNCwwLDEsMSwyNC0yNEEyNCwyNCwwLDAsMSw4MCwxMDRabTk2LDE2YTQwLDQwLDAsMSwwLTQwLTQwQTQwLDQwLDAsMCwwLDE3NiwxMjBabTAtNjRhMjQsMjQsMCwxLDEtMjQsMjRBMjQsMjQsMCwwLDEsMTc2LDU2Wk04MCwxMzZhNDAsNDAsMCwxLDAsNDAsNDBBNDAsNDAsMCwwLDAsODAsMTM2Wm0wLDY0YTI0LDI0LDAsMSwxLDI0LTI0QTI0LDI0LDAsMCwxLDgwLDIwMFptOTYtNjRhNDAsNDAsMCwxLDAsNDAsNDBBNDAsNDAsMCwwLDAsMTc2LDEzNlptMCw2NGEyNCwyNCwwLDEsMSwyNC0yNEEyNCwyNCwwLDAsMSwxNzYsMjAwWiI+PC9wYXRoPjwvc3ZnPg==\" alt=\"\" style=\"object-fit:cover\"\/><\/figure>\n\n\n\n<h3 class=\"wp-block-heading has-text-align-center\">Nowe formy odkrywania wsp\u00f3lnego dziedzictwa<\/h3>\n\n\n\n<p><\/p>\n\n\n\n<p class=\"has-text-align-center\">\u0141\u0105czymy histori\u0119, sztuk\u0119 i edukacj\u0119 w dzia\u0142aniach, kt\u00f3re pozwalaj\u0105 do\u015bwiadcza\u0107 kultury w spos\u00f3b pog\u0142\u0119biony, inspiruj\u0105cy i wsp\u00f3\u0142czesny.<\/p>\n<\/div>\n<\/div>\n<\/div>\n\n\n\n<div class=\"wp-block-column is-vertically-aligned-stretch is-layout-flow wp-container-core-column-is-layout-f5bb311e wp-block-column-is-layout-flow\">\n<div class=\"wp-block-group is-style-ext-preset--group--natural-1--item-card-1--align-center has-global-padding is-layout-constrained wp-block-group-is-layout-constrained is-style-ext-preset--group--natural-1--item-card-1--align-center--9\">\n<div class=\"wp-block-group is-style-default has-global-padding is-layout-constrained wp-block-group-is-layout-constrained\">\n<figure class=\"wp-block-image aligncenter size-large ext-aspect-landscape wp-duotone-primary-foreground\"><img decoding=\"async\" src=\"data:image\/svg+xml;base64,PHN2ZyB4bWxucz0iaHR0cDovL3d3dy53My5vcmcvMjAwMC9zdmciIHdpZHRoPSI0OCIgaGVpZ2h0PSI0OCIgZmlsbD0iIzAwMDAwMCIgdmlld0JveD0iMCAwIDI1NiAyNTYiPjxwYXRoIGQ9Ik04MCw0MGE0MCw0MCwwLDEsMCw0MCw0MEE0MCw0MCwwLDAsMCw4MCw0MFptMCw2NGEyNCwyNCwwLDEsMSwyNC0yNEEyNCwyNCwwLDAsMSw4MCwxMDRabTk2LDE2YTQwLDQwLDAsMSwwLTQwLTQwQTQwLDQwLDAsMCwwLDE3NiwxMjBabTAtNjRhMjQsMjQsMCwxLDEtMjQsMjRBMjQsMjQsMCwwLDEsMTc2LDU2Wk04MCwxMzZhNDAsNDAsMCwxLDAsNDAsNDBBNDAsNDAsMCwwLDAsODAsMTM2Wm0wLDY0YTI0LDI0LDAsMSwxLDI0LTI0QTI0LDI0LDAsMCwxLDgwLDIwMFptMTM2LTI0YTgsOCwwLDAsMS04LDhIMTg0djI0YTgsOCwwLDAsMS0xNiwwVjE4NEgxNDRhOCw4LDAsMCwxLDAtMTZoMjRWMTQ0YTgsOCwwLDAsMSwxNiwwdjI0aDI0QTgsOCwwLDAsMSwyMTYsMTc2WiI+PC9wYXRoPjwvc3ZnPg==\" alt=\"\" style=\"object-fit:cover\"\/><\/figure>\n\n\n\n<h3 class=\"wp-block-heading has-text-align-center\">Kultura jako do\u015bwiadczenie \u0142\u0105cz\u0105ce ludzi<\/h3>\n\n\n\n<p class=\"has-text-align-center\">Poprzez wydarzenia, programy i inicjatywy artystyczne budujemy relacje, inspirujemy dialog i wzmacniamy ponadczasow\u0105 warto\u015b\u0107 kultury.<\/p>\n<\/div>\n<\/div>\n<\/div>\n<\/div>\n\n\n\n<div class=\"wp-block-buttons is-content-justification-center is-layout-flex wp-container-core-buttons-is-layout-a89b3969 wp-block-buttons-is-layout-flex\"><\/div>\n<\/div>","protected":false},"excerpt":{"rendered":"<p>Tworzymy przestrze\u0144 dla idei i pi\u0119kna Fundacja Etruria Mundi powsta\u0142a, aby tw\u00f3rczo \u0142\u0105czy\u0107 sztuk\u0119, kultur\u0119, sport i podr\u00f3\u017cowanie w projekty o wymiarze mi\u0119dzynarodowym, otwieraj\u0105ce nowe przestrzenie dialogu i inspiracji. Jej misj\u0105 jest wspieranie innowacyjnych inicjatyw artystycznych, wydarze\u0144 i program\u00f3w edukacyjnych, kt\u00f3re pozwalaj\u0105 odkrywa\u0107 dziedzictwo w \u015bwie\u017cy, nieoczywisty spos\u00f3b. Poprzez te dzia\u0142ania fundacja buduje mosty mi\u0119dzy [&hellip;]<\/p>\n","protected":false},"author":1,"featured_media":0,"parent":0,"menu_order":0,"comment_status":"closed","ping_status":"closed","template":"page-with-title","meta":{"footnotes":""},"class_list":["post-17","page","type-page","status-publish","hentry"],"aioseo_notices":[],"_links":{"self":[{"href":"https:\/\/etruriafairways.com\/en\/wp-json\/wp\/v2\/pages\/17","targetHints":{"allow":["GET"]}}],"collection":[{"href":"https:\/\/etruriafairways.com\/en\/wp-json\/wp\/v2\/pages"}],"about":[{"href":"https:\/\/etruriafairways.com\/en\/wp-json\/wp\/v2\/types\/page"}],"author":[{"embeddable":true,"href":"https:\/\/etruriafairways.com\/en\/wp-json\/wp\/v2\/users\/1"}],"replies":[{"embeddable":true,"href":"https:\/\/etruriafairways.com\/en\/wp-json\/wp\/v2\/comments?post=17"}],"version-history":[{"count":11,"href":"https:\/\/etruriafairways.com\/en\/wp-json\/wp\/v2\/pages\/17\/revisions"}],"predecessor-version":[{"id":215,"href":"https:\/\/etruriafairways.com\/en\/wp-json\/wp\/v2\/pages\/17\/revisions\/215"}],"wp:attachment":[{"href":"https:\/\/etruriafairways.com\/en\/wp-json\/wp\/v2\/media?parent=17"}],"curies":[{"name":"wp","href":"https:\/\/api.w.org\/{rel}","templated":true}]}}